{"id":8685,"date":"2016-06-13T16:56:22","date_gmt":"2016-06-13T14:56:22","guid":{"rendered":"https:\/\/informatica.uniurb.it\/tri\/?page_id=8685"},"modified":"2024-11-11T20:16:42","modified_gmt":"2024-11-11T19:16:42","slug":"assicurazione-della-qualita","status":"publish","type":"page","link":"https:\/\/informatica.uniurb.it\/triennale\/qualita\/assicurazione-della-qualita\/","title":{"rendered":"Assicurazione della qualit\u00e0"},"content":{"rendered":"<p>La carta d\u2019identit\u00e0 del Corso di Laurea \u00e8 la <a href=\"https:\/\/www.uniurb.it\/it\/off\/bandi\/suacds_1757175.pdf\">SUA-CdS<\/a>, mentre il suo stato di salute \u00e8 certificato dal <a href=\"https:\/\/informatica.uniurb.it\/triennale\/wp-content\/uploads\/page\/assicurazione-qualita\/3.1-Rapporto-Riesame-Ciclico-L-31-2022_dopo-osservazioni-PQA.pdf\">Rapporto di Riesame Ciclico<\/a>, che si avvale dell&#8217;analisi della <a href=\"https:\/\/informatica.uniurb.it\/triennale\/wp-content\/uploads\/page\/assicurazione-qualita\/3.1-SMA-2023-L-31.pdf\">Scheda di Monitoraggio Annuale<\/a>.<\/p>\n<p>La politica di gestione del Corso di Laurea \u00e8 determinata dal <a href=\"https:\/\/www.uniurb.it\/ateneo\/persone-e-strutture\/scuole\/scuola-di-scienze-tecnologie-e-filosofia-dell-informazione\" target=\"_blank\" rel=\"noopener\">Consiglio della Scuola di Scienze, Tecnologie e Filosofia dell&#8217;Informazione<\/a>, a cui il Corso afferisce, secondo quanto stabilito nell&#8217;<a href=\"https:\/\/informatica.uniurb.it\/triennale\/wp-content\/uploads\/page\/ordinamento-e-regolamento-didattico\/ordinamento_didattico_L-31_2023.pdf\">Ordinamento Didattico<\/a> e nel <a href=\"https:\/\/informatica.uniurb.it\/triennale\/wp-content\/uploads\/page\/ordinamento-e-regolamento-didattico\/regolamento_didattico_L-31.pdf\">Regolamento Didattico<\/a>\u00a0del Corso.<\/p>\n<p>Il sistema di gestione e assicurazione della qualit\u00e0 del Corso di Laurea, normato per legge e descritto in dettaglio nel <a href=\"https:\/\/informatica.uniurb.it\/triennale\/wp-content\/uploads\/page\/ordinamento-e-regolamento-didattico\/3.4-Documento_gestione_aq_L-31.pdf\">Documento di Gestione<\/a>, viene garantito dal <a href=\"https:\/\/informatica.uniurb.it\/triennale\/informazioni\/responsabili-segreterie-e-sedi\/\">Gruppo di Riesame del Corso di Laurea<\/a> e monitorato dalla <a href=\"https:\/\/www.uniurb.it\/ateneo\/governance\/commissioni-paritetiche\/dipartimento-di-scienze-pure-e-applicate-dispea\" target=\"_blank\" rel=\"noopener\">Commissione Paritetica Docenti-Studenti del Dipartimento di Scienze Pure e Applicate<\/a>, che produce una <a href=\"https:\/\/www.uniurb.it\/ateneo\/governance\/commissioni-paritetiche\/dipartimento-di-scienze-pure-e-applicate-dispea\" target=\"_blank\" rel=\"noopener\">Relazione Annuale<\/a>. Entrambi i gruppi di lavoro si avvalgono del contributo di docenti, studenti e personale tecnico-amministrativo.<\/p>\n<p>Vengono inoltre condotte periodicamente <a href=\"https:\/\/drive.google.com\/drive\/folders\/1ZfdL6xWX5a3ly192QJtxcv1Kfrtql9Mp?usp=sharing\" target=\"_blank\" rel=\"noopener\">consultazioni con le parti interessate<\/a>, al fine di verificare l&#8217;adeguatezza degli obiettivi formativi del Corso di Laurea, attuare un costante e dinamico rapporto di collaborazione con le varie realt\u00e0 esterne e monitorare il Corso in funzione del territorio locale e nazionale.<\/p>\n<p>Alcuni documenti fondamentali per la valutazione del sistema di gestione riguardano il riscontro di studenti e laureati:<\/p>\n<ul>\n<li><a href=\"https:\/\/sisvaldidat.it\/AT-UNIURB\/AA-2022\/T-0\/S-10027\/Z-1\/CDL-6131\/TAVOLA\" target=\"_blank\" rel=\"noopener\">Questionari opinioni studenti<\/a>.<\/li>\n<li><a href=\"https:\/\/informatica.uniurb.it\/triennale\/wp-content\/uploads\/page\/assicurazione-qualita\/L31_Informatica_Laureati_SUA_B7_C2.pdf\">Indagini Almalaurea sulla condizione occupazionale e sul profilo dei laureati<\/a>.<\/li>\n<\/ul>\n<p><!-- Le disposizioni della legge 20\/12\/2010, n. 240 e del decreto legislativo 27\/01\/2012, n. 19 prevedono l'adozione da parte delle universit\u00e0 di un sistema di accreditamento iniziale e periodico delle sedi universitarie e dei corsi studio finalizzato all'introduzione di un sistema di valutazione e assicurazione della qualit\u00e0, dell'efficienza e dell'efficacia della didattica e della ricerca e al potenziamento di un sistema di autovalutazione della qualit\u00e0.\n\nIl sistema integrato AVA (Autovalutazione, Valutazione periodica, Accreditamento) \u00e8 entrato in vigore a partire dal 2013 a seguito dell'emanazione del Decreto Ministeriale 30 gennaio 2013, n. 47 (successivamente modificato dal D.M. 1059\/2014, dal D.M. 987\/2016 e dal DM 6\/2019). Il sistema AVA \u00e8 stato rivisto nel 2017 (AVA 2.0), col fine principale di raggiungere una sostanziale semplificazione del sistema e un alleggerimento degli adempimenti e, nel contempo, una maggiore aderenza agli standard europei ESG 2015.\n\nLa <a href=\"https:\/\/informatica.uniurb.it\/triennale\/wp-content\/uploads\/page\/sua-cds\/4-SUA-L-31-a-settembre.pdf\">SUA-CdS<\/a> \u00e8 lo strumento tramite il quale il Corso di Studio\u00a0definisce gli obiettivi di formazione che intende raggiungere, individua le azioni che consentono di raggiungerli e ne verifica l'attuazione e l'efficacia. Inoltre essa rappresenta un indispensabile strumento di autovalutazione interna, di riesame e di valutazione esterna. Il documento viene redatto dal <a href=\"\/home\/recapiti_responsabili\/\">Gruppo Assicurazione Qualit\u00e0 e Riesame del CdS<\/a> del CdS.\n\nIl sistema di gestione del CdS, con particolare riferimento a quanto previsto dalla SUA-CdS, \u00e8 descritto nel Documento di Gestione, che contiene l'indicazione di tutte le attivit\u00e0 collegate ai processi di Assicurazione della Qualit\u00e0 (AQ) messe in atto all'interno del CdS.\n\nL'altro strumento alla base del sistema di AQ \u00e8 il Rapporto di Riesame, parte integrante della assicurazione della qualit\u00e0 delle attivit\u00e0 di formazione. Il Rapporto di Riesame \u00e8 un processo periodico e programmato che ha lo scopo di verificare l\u2019adeguatezza degli obiettivi di apprendimento che il CdS si \u00e8 proposto, la corrispondenza tra gli obiettivi e i risultati e l\u2019efficacia del modo con cui il Corso \u00e8 gestito.\n\nIl Rapporto di Riesame era composto da due documenti, il Rapporto Annuale di Riesame (RAR) ed il Rapporto Ciclico di Riesame (RCR), che, pur avendo lo stesso oggetto, richiedevano una diversa prospettiva di analisi: il primo documento coglieva il CdS nelle singole annualit\u00e0 del suo impianto, mentre il secondo documento abbracciava l\u2019intero progetto formativo essendo riferito all\u2019intero percorso di una coorte di studenti.\nCon l'introduzione di AVA 2.0, il Riesame Annuale \u00e8 stato semplificato, nella forma e nel contenuto, e ricondotto a un commento critico sintetico agli indicatori quantitativi forniti dall\u2019ANVUR, attraverso la compilazione di una scheda predefinita (Scheda di Monitoraggio Annuale). Il Riesame Ciclico consiste invece in un\u2019autovalutazione approfondita dell\u2019andamento complessivo del CdS, sulla base di tutti gli elementi di analisi presi in considerazione nel periodo di riferimento e delle risoluzioni conseguenti.\n\nEntrambi i documenti sono redatti dal <a href=\"\/home\/recapiti_responsabili\/\">Gruppo Assicurazione Qualit\u00e0 e Riesame del CdS<\/a> del CdS.\n\nInoltre, ai sensi dell\u2019art. 13 del D.Lgs 19\/2012, la <a href=\"\/home\/recapiti_responsabili\/\">Commissione Paritetica Docenti-Studenti<\/a> del CdS, attingendo alle informazioni contenute nella SUA-CdS e da altre fonti disponibili, valuta annualmente i progetti del CdS e pubblica, entro il 31 dicembre, una relazione annuale.\n\nElenco documenti accessibili:\n\n\n<ul>\n\n\n<li><a href=\"\/informazioni\/qualita\/sua-cds\/\">SUA-CdS<\/a><\/li>\n\n\n\n\n<li><a href=\"https:\/\/informatica.uniurb.it\/triennale\/wp-content\/uploads\/page\/qualita\/Documento-di-gestione-2019.pdf\">Documento di gestione del CdS 2019<\/a><\/li>\n\n\n\n\n<li><a href=\"https:\/\/informatica.uniurb.it\/triennale\/wp-content\/uploads\/Documento-di-gestione-2017-18-ok.pdf\">Documento di gestione del CdS 2017<\/a><\/li>\n\n\n\n\n<li><a href=\"\/informazioni\/qualita\/rapporti-di-riesame\/\">Rapporti di riesame<\/a><\/li>\n\n\n\n\n<li><a href=\"\/informazioni\/qualita\/relazione-annuale\/\">Relazioni annuali Commissione Paritetica docenti-studenti<\/a><\/li>\n\n\n\n\n<li><a href=\"\/informazioni\/qualita\/opinioni-aggregate\/\">Risultati questionari opinioni studenti<\/a><\/li>\n\n\n\n\n<li><a href=\"\/informazioni\/qualita\/verbali-del-consiglio-della-scuola\/\">Verbali Consiglio della Scuola<\/a><\/li>\n\n\n\n\n<li><a href=\"https:\/\/informatica.uniurb.it\/triennale\/wp-content\/uploads\/page\/qualita\/L_31_Informatica_Applicata_Quadri_B7_C2_2020.pdf\">Almalaurea Scheda Unica Annuale - Soddisfazione per il corso di studio concluso e condizione occupazionale dei laureati 2020<\/a><\/li>\n\n\n\n\n<li><a href=\"\/informazioni\/qualita\/almalaurea-condizione-occupazionale-dei-laureati\/\">Almalaurea - Indagini sulla condizione occupazionale dei laureati<\/a><\/li>\n\n\n\n\n<li><a href=\"\/informazioni\/qualita\/almalaurea-profilo-dei-laureati\/\">Almalaurea - Profilo dei laureati<\/a><\/li>\n\n\n<\/ul>\n\n --><\/p>\n","protected":false},"excerpt":{"rendered":"<p>La carta d\u2019identit\u00e0 del Corso di Laurea \u00e8 la SUA-CdS, mentre il suo stato di salute \u00e8 certificato dal Rapporto di Riesame Ciclico, che si avvale dell&#8217;analisi della Scheda di Monitoraggio Annuale. La politica di gestione del Corso di Laurea \u00e8 determinata dal Consiglio della Scuola di Scienze, Tecnologie e Filosofia dell&#8217;Informazione, a cui il&hellip;<\/p>\n","protected":false},"author":19,"featured_media":0,"parent":17708,"menu_order":0,"comment_status":"closed","ping_status":"closed","template":"","meta":{"_acf_changed":false,"footnotes":""},"class_list":["post-8685","page","type-page","status-publish","hentry","entry","no-media"],"acf":[],"_links":{"self":[{"href":"https:\/\/informatica.uniurb.it\/triennale\/wp-json\/wp\/v2\/pages\/8685","targetHints":{"allow":["GET"]}}],"collection":[{"href":"https:\/\/informatica.uniurb.it\/triennale\/wp-json\/wp\/v2\/pages"}],"about":[{"href":"https:\/\/informatica.uniurb.it\/triennale\/wp-json\/wp\/v2\/types\/page"}],"author":[{"embeddable":true,"href":"https:\/\/informatica.uniurb.it\/triennale\/wp-json\/wp\/v2\/users\/19"}],"replies":[{"embeddable":true,"href":"https:\/\/informatica.uniurb.it\/triennale\/wp-json\/wp\/v2\/comments?post=8685"}],"version-history":[{"count":93,"href":"https:\/\/informatica.uniurb.it\/triennale\/wp-json\/wp\/v2\/pages\/8685\/revisions"}],"predecessor-version":[{"id":18655,"href":"https:\/\/informatica.uniurb.it\/triennale\/wp-json\/wp\/v2\/pages\/8685\/revisions\/18655"}],"up":[{"embeddable":true,"href":"https:\/\/informatica.uniurb.it\/triennale\/wp-json\/wp\/v2\/pages\/17708"}],"wp:attachment":[{"href":"https:\/\/informatica.uniurb.it\/triennale\/wp-json\/wp\/v2\/media?parent=8685"}],"curies":[{"name":"wp","href":"https:\/\/api.w.org\/{rel}","templated":true}]}}