{"id":591,"date":"2013-05-15T09:53:41","date_gmt":"2013-05-15T07:53:41","guid":{"rendered":"https:\/\/informatica.uniurb.it\/triennale\/?page_id=591"},"modified":"2026-03-18T09:42:34","modified_gmt":"2026-03-18T08:42:34","slug":"seminari-tirocini-e-stage","status":"publish","type":"page","link":"https:\/\/informatica.uniurb.it\/triennale\/didattica\/seminari-tirocini-e-stage\/","title":{"rendered":"Seminari, Tirocini e Stage"},"content":{"rendered":"<h3><b>Introduzione<\/b><\/h3>\n<p>Il piano degli studi del Corso di Laurea prevede nell&#8217;arco dei tre anni seminari, tirocini e stage per <b>12 CFU<\/b>. Di seguito sono illustrate le diverse tipologie di esperienze utili con le relative modalit\u00e0 e opportunit\u00e0. Le attivit\u00e0 di tirocinio e stage, che si consiglia di svolgere dopo il primo anno di corso, possono essere abbinate alla <a href=\"https:\/\/informatica.uniurb.it\/triennale\/didattica\/prova-finale\">prova finale<\/a>.<\/p>\n<h3><b>Seminari<\/b><\/h3>\n<p><center><\/center>Rientra nella presente tipologia di attivit\u00e0 formative la partecipazione studentesca a\u00a0<a href=\"https:\/\/informatica.uniurb.it\/triennale\/didattica\/calendari\/seminari\/\">seminari<\/a>. Le attivit\u00e0 seminariali sono coordinate da chi funge da\u00a0<a href=\"https:\/\/informatica.uniurb.it\/triennale\/informazioni\/responsabili-segreterie-e-sedi\/\">Responsabile Seminari<\/a>, a cui si deve rivolgere il personale docente per organizzare seminari, tenuti eventualmente da terzi, coerenti con gli obiettivi formativi del Corso di Laurea.<\/p>\n<h3><b>Tirocinio in Universit\u00e0<\/b><\/h3>\n<p>\u00c8 possibile svolgere un tirocinio internamente all&#8217;Universit\u00e0, ad esempio presso la Sezione di Informatica e Matematica del Dipartimento di Scienze Pure e Applicate, sotto la guida di un&#8217;unit\u00e0 di personale docente che ricoprir\u00e0 il ruolo di tutor didattico. Il tirocinio interno pu\u00f2 essere abbinato alla <a href=\"https:\/\/informatica.uniurb.it\/triennale\/didattica\/prova-finale\/\">prova finale<\/a>. Il termine ultimo per consegnare tutta la documentazione necessaria al riconoscimento dei crediti \u00e8 fissato <strong>una settimana prima della scadenza per la consegna della tesi<\/strong>.<\/p>\n<p>Prima dell&#8217;inizio del tirocinio, \u00e8 necessario compilare il <a href=\"https:\/\/informatica.uniurb.it\/triennale\/wp-content\/uploads\/page\/tiro_stag_labo\/progetto_tirocinio_interno_2019.pdf\">progetto formativo di tirocinio interno<\/a> e consegnarlo a chi funge da <a href=\"https:\/\/informatica.uniurb.it\/triennale\/informazioni\/responsabili-segreterie-e-sedi\/\">Responsabile Tirocini e Job Placement<\/a>. Al termine del tirocinio, \u00e8 necessario comunicare alla stessa persona la fine dell&#8217;attivit\u00e0 e consegnarle i documenti necessari all&#8217;attribuzione dei crediti formativi, ossia la <a href=\"https:\/\/informatica.uniurb.it\/triennale\/wp-content\/uploads\/page\/tiro_stag_labo\/scheda_tir_int_tirocinante_2019.pdf\">scheda di valutazione del tirocinante<\/a>\u00a0e una <a href=\"https:\/\/informatica.uniurb.it\/triennale\/wp-content\/uploads\/report_tirocinio_interno.docx\" target=\"_blank\" rel=\"noopener\">relazione dell&#8217;attivit\u00e0 svolta<\/a> che includa obiettivi, approccio seguito, risultati ottenuti e ore impiegate. Contestualmente, chi riveste il ruolo di tutor deve consegnare la <a href=\"https:\/\/informatica.uniurb.it\/triennale\/wp-content\/uploads\/page\/tiro_stag_labo\/scheda_tir_int_tutor_2019.pdf\">scheda di valutazione del tutor didattico<\/a>.<\/p>\n<h3><strong>Stage in azienda<\/strong><\/h3>\n<p>\u00c8 possibile svolgere uno stage presso <a href=\"https:\/\/informatica.uniurb.it\/triennale\/didattica\/seminari-tirocini-e-stage\/aziende\/\">aziende ed enti convenzionati<\/a> oppure presso un&#8217;azienda o ente appositamente proposto, sotto la guida di un&#8217;unit\u00e0 di personale docente che ricoprir\u00e0 il ruolo di tutor didattico e un&#8217;unit\u00e0 di personale dell&#8217;azienda o ente che ricoprir\u00e0 il ruolo di tutor aziendale, su un arco temporale concordato tra le parti nel rispetto del numero massimo di 8 ore giornaliere e 40 ore settimanali stabilito dalla legge. Tale attivit\u00e0 \u00e8 coordinata da chi funge da <a href=\"https:\/\/informatica.uniurb.it\/triennale\/informazioni\/responsabili-segreterie-e-sedi\/\">Responsabile Tirocini e Job Placement<\/a>, a cui rivolgersi per verificare la disponibilit\u00e0 dell&#8217;azienda o ente se gi\u00e0 convenzionato oppure per stipulare la <a href=\"https:\/\/www.uniurb.it\/terzamissione\/imprenditorialita-e-aziende\/tirocini-formativi-e-stage\/come-convenzionarsi\" target=\"_blank\" rel=\"noopener noreferrer\">convenzione<\/a>. Lo stage pu\u00f2 essere abbinato alla <a href=\"https:\/\/informatica.uniurb.it\/triennale\/didattica\/prova-finale\/\">prova finale<\/a>. Il termine ultimo per consegnare tutta la documentazione necessaria al riconoscimento dei crediti \u00e8 fissato <strong>una settimana prima della scadenza per la consegna della tesi<\/strong>.<\/p>\n<p><u>Utile da sapere<\/u>: <b>+13%<\/b> \u00e8 la percentuale di possibilit\u00e0 di occupazione in pi\u00f9 entro un anno dalla laurea per chi ha svolto uno stage aziendale (dati AlmaLaurea 2025).<\/p>\n<p>Prima dell&#8217;inizio dello stage, \u00e8 necessario ritirare presso l&#8217;<a href=\"https:\/\/informatica.uniurb.it\/triennale\/informazioni\/responsabili-segreterie-e-sedi\/\">Ufficio Supporto alla Didattica e Management del DiSPeA<\/a> i moduli necessari per lo svolgimento dello stage, tra cui il progetto formativo e di orientamento che, debitamente compilato e firmato, deve essere consegnato presso l&#8217;ufficio stesso almeno <strong>una settimana prima dell&#8217;inizio dello stage<\/strong>. Al termine dello stage, \u00e8 necessario comunicare la fine dell&#8217;attivit\u00e0 a chi funge da Responsabile Tirocini e Job Placement e riconsegnare al suddetto ufficio tutti i moduli debitamente compilati insieme a una relazione dell&#8217;attivit\u00e0 svolta che includa obiettivi, approccio seguito, risultati ottenuti e ore impiegate.<\/p>\n<p>Dal punto di vista dell&#8217;azienda, gli stage non comportano oneri finanziari, non costituiscono rapporto di lavoro e i relativi adempimenti amministrativi, comprese le comunicazioni di legge a INAIL e Ispettorato del Lavoro, sono a carico dell&#8217;Ateneo. Il numero di stagisti che un&#8217;azienda pu\u00f2 prendere contemporaneamente in carico non pu\u00f2 eccedere i limiti di legge stabiliti in base al numero di dipendenti a tempo indeterminato dell&#8217;azienda stessa (vedere\u00a0<a href=\"http:\/\/www.uniurb.it\/it\/portale\/index.php?mist_id=23280&amp;lang=IT&amp;tipo=S2&amp;page=03091\" target=\"_blank\" rel=\"noopener noreferrer\">qui<\/a>).<\/p>\n<h3><b>Riconoscimento di attivit\u00e0 pregresse<\/b><\/h3>\n<p>Nel caso in cui si abbia precedentemente svolto attivit\u00e0 lavorativa in ambito informatico oppure partecipato a stage, corsi o seminari organizzati al di fuori dell&#8217;Ateneo, purch\u00e9 riguardanti l&#8217;informatica e di livello post-secondario, \u00e8 possibile ottenere il riconoscimento totale o parziale dei crediti previsti per seminari, tirocini e stage previa presentazione dell&#8217;apposita <a href=\"https:\/\/uniurb.elixforms.it\/rwe2\/module_preview.jsp?MODULE_TAG=STUD_ATT_FORM\" target=\"_blank\" rel=\"noopener\">domanda<\/a> e della relativa documentazione.<\/p>\n","protected":false},"excerpt":{"rendered":"<p>Introduzione Il piano degli studi del Corso di Laurea prevede nell&#8217;arco dei tre anni seminari, tirocini e stage per 12 CFU. Di seguito sono illustrate le diverse tipologie di esperienze utili con le relative modalit\u00e0 e opportunit\u00e0. Le attivit\u00e0 di tirocinio e stage, che si consiglia di svolgere dopo il primo anno di corso, possono&hellip;<\/p>\n","protected":false},"author":49,"featured_media":0,"parent":156,"menu_order":0,"comment_status":"open","ping_status":"closed","template":"","meta":{"_acf_changed":false,"footnotes":""},"class_list":["post-591","page","type-page","status-publish","hentry","entry","no-media"],"acf":[],"_links":{"self":[{"href":"https:\/\/informatica.uniurb.it\/triennale\/wp-json\/wp\/v2\/pages\/591","targetHints":{"allow":["GET"]}}],"collection":[{"href":"https:\/\/informatica.uniurb.it\/triennale\/wp-json\/wp\/v2\/pages"}],"about":[{"href":"https:\/\/informatica.uniurb.it\/triennale\/wp-json\/wp\/v2\/types\/page"}],"author":[{"embeddable":true,"href":"https:\/\/informatica.uniurb.it\/triennale\/wp-json\/wp\/v2\/users\/49"}],"replies":[{"embeddable":true,"href":"https:\/\/informatica.uniurb.it\/triennale\/wp-json\/wp\/v2\/comments?post=591"}],"version-history":[{"count":158,"href":"https:\/\/informatica.uniurb.it\/triennale\/wp-json\/wp\/v2\/pages\/591\/revisions"}],"predecessor-version":[{"id":19108,"href":"https:\/\/informatica.uniurb.it\/triennale\/wp-json\/wp\/v2\/pages\/591\/revisions\/19108"}],"up":[{"embeddable":true,"href":"https:\/\/informatica.uniurb.it\/triennale\/wp-json\/wp\/v2\/pages\/156"}],"wp:attachment":[{"href":"https:\/\/informatica.uniurb.it\/triennale\/wp-json\/wp\/v2\/media?parent=591"}],"curies":[{"name":"wp","href":"https:\/\/api.w.org\/{rel}","templated":true}]}}