{"id":4804,"date":"2014-06-11T12:55:27","date_gmt":"2014-06-11T10:55:27","guid":{"rendered":"https:\/\/informatica.uniurb.it\/triennale\/?page_id=4804"},"modified":"2021-06-08T10:29:48","modified_gmt":"2021-06-08T08:29:48","slug":"piano_studi_old","status":"publish","type":"page","link":"https:\/\/informatica.uniurb.it\/triennale\/didattica\/piano_studi_old\/","title":{"rendered":"Piano degli Studi (fino all&#8217;a.a. 2017-18)"},"content":{"rendered":"<p>Il piano degli studi del Corso di Laurea prevede l&#8217;insegnamento delle conoscenze fondamentali dell&#8217;informatica in materia di programmazione degli elaboratori, architettura degli elaboratori, algoritmi e strutture dati, sistemi operativi, basi di dati, reti di calcolatori, ingegneria del software e modellazione e verifica di sistemi, nonch\u00e9 l&#8217;insegnamento di linguaggi appartenenti a diversi paradigmi: procedurale (<strong>C<\/strong>), \u00a0ad oggetti (<strong>C#,\u00a0<strong>Java<\/strong><\/strong>), logico (<strong>Prolog<\/strong>), di interrogazione (<strong>SQL<\/strong>),\u00a0e di modellazione (<strong>UML<\/strong>). Ogni insegnamento di area informatica si compone di una parte teorica in aula e di una parte pratica in un laboratorio dotato di personal computer coi sistemi operativi Linux e Windows. Dall&#8217;anno accademico 2014-2015 il piano degli studi prevede sei <a href=\"\/curricula\/\">curricula<\/a>, uno orientato alle scienze e tecnologie dell&#8217;informazione (<strong>curriculum per l&#8217;elaborazione delle informazioni<\/strong>) e cinque curricula interdisciplinari\u00a0(<strong>curriculum per la gestione digitale del territorio, curriculum logico-cognitivo, curriculum per l&#8217;impresa, curriculum per i nuovi media, curriculum per le politiche sociali)\u00a0<\/strong>erogati in collaborazione con le altre Scuole dell&#8217;Ateneo. [comment]\u00a0che\u00a0offrono insegnamenti di economia aziendale, scienze sociali, diritto, geomatica, scienze politiche, scienze della comunicazione e scienze cognitive.[\/comment]\n<p>Il percorso formativo prevede infine l&#8217;acquisizione di conoscenze di base di matematica, logica, statistica, fisica e lingua inglese, nonch\u00e9 lo svolgimento di <a href=\"\/didattica\/tiro_stag_labo\/\">tirocini interni all&#8217;Ateneo e stage presso aziende ed enti convenzionati<\/a>\u00a0e la partecipazione a\u00a0<a title=\"Seminari, Tirocini e Stage\" href=\"\/didattica\/tiro_stag_labo\/\">seminari<\/a>\u00a0e\u00a0<a href=\"\/didattica\/piano_studi\/corsi_a_scelta\/\">corsi a scelta<\/a>. Il percorso formativo si conclude con una <a href=\"\/didattica\/piano_studi\/prova_finale\">prova finale<\/a>.<\/p>\n<p>Per conseguire la Laurea in Informatica Applicata, lo studente deve totalizzare almeno 180 crediti tra varie tipologie di attivit\u00e0 formative. Il sistema dei crediti formativi universitari (CFU) prevede che ad ogni credito corrispondano in media 25 ore di lavoro da parte dello studente, comprensive di ore di lezione, esercitazione, seminario, tirocinio, stage e laboratorio, come pure di ore di studio e impegno personale. Un credito equivale a 8 ore di lezioni teoriche e di esercitazioni guidate e di seminari, oppure a 25 ore di tirocini e stage.<\/p>\n<p>I crediti possono anche essere acquisiti a seguito di attivit\u00e0 formative precedentemente svolte, purch\u00e9 tali attivit\u00e0 siano coerenti con gli obiettivi formativi del Corso di Laurea e rientrino nel piano degli studi sotto specificato. Al fine di ottenere il riconoscimento dei suddetti crediti, \u00e8 necessario allegare all&#8217;apposita <a href=\"https:\/\/www.uniurb.it\/it\/cdocs\/CWEB\/3124-CWEB-15072015145622-cweb.pdf\">domanda<\/a> la documentazione comprendente il programma delle attivit\u00e0 formative e l&#8217;attestato di frequenza o l&#8217;esito delle relative prove d&#8217;esame (non verranno accettate autocertificazioni).<\/p>\n<p>Il piano degli studi a tempo pieno si articola su tre anni. Per venire incontro alle esigenze di determinate categorie di studenti, quali ad esempio gli studenti lavoratori, \u00e8 inoltre possibile optare per una variante del piano degli studi a tempo parziale, la quale si estende su cinque anni.<\/p>\n<h2>Piano degli studi a tempo pieno<\/h2>\n<table class=\"tab-list\">\n<tbody>\n<tr>\n<td><b>Primo anno:<\/b><\/td>\n<td width=\"40%\"><\/td>\n<\/tr>\n<tr>\n<td><a href=\"\/didattica\/piano_studi\/prog_proc_logi\" target=\"_blank\" rel=\"noopener\">Programmazione Procedurale e Logica<\/a><\/td>\n<td>12 crediti<\/td>\n<\/tr>\n<tr>\n<td><a href=\"\/didattica\/piano_studi\/arch_elab\" target=\"_blank\" rel=\"noopener\">Architettura degli Elaboratori<\/a><\/td>\n<td>12 crediti<\/td>\n<\/tr>\n<tr>\n<td><a href=\"\/didattica\/piano_studi\/algo_stru_dati\" target=\"_blank\" rel=\"noopener\">Algoritmi e Strutture Dati<\/a><\/td>\n<td>12 crediti<\/td>\n<\/tr>\n<tr>\n<td><a href=\"\/didattica\/piano_studi\/anal_mate\" target=\"_blank\" rel=\"noopener\">Analisi Matematica<\/a><\/td>\n<td>12 crediti<\/td>\n<\/tr>\n<tr>\n<td><a href=\"\/didattica\/piano_studi\/mate_disc\" target=\"_blank\" rel=\"noopener\">Matematica Discreta<\/a><\/td>\n<td>\u00a0 6 crediti<\/td>\n<\/tr>\n<tr>\n<td><a href=\"\/didattica\/piano_studi\/fisi_uno\" target=\"_blank\" rel=\"noopener\">Fisica I<\/a><\/td>\n<td>\u00a0 6 crediti<\/td>\n<\/tr>\n<tr>\n<td><a href=\"\/didattica\/piano_studi\/ling_ingl\" target=\"_blank\" rel=\"noopener\">Lingua Inglese<\/a>\u00a0<a href=\"\/didattica\/piano_studi\/ling_ingl\/certificazioni\/\">*<\/a><\/td>\n<td>\u00a0\u00a03 crediti<\/td>\n<\/tr>\n<tr>\n<td><b>Secondo anno:<\/b><\/td>\n<td><\/td>\n<\/tr>\n<tr>\n<td><a href=\"\/didattica\/piano_studi\/prog_ogge_inge_soft\" target=\"_blank\" rel=\"noopener\">Programmazione ad Oggetti\u00a0e Ingegneria del Software<\/a><\/td>\n<td>12 crediti<\/td>\n<\/tr>\n<tr>\n<td><a href=\"\/didattica\/piano_studi\/sist_oper\" target=\"_blank\" rel=\"noopener\">Sistemi Operativi<\/a><\/td>\n<td>12 crediti<\/td>\n<\/tr>\n<tr>\n<td><a href=\"\/didattica\/piano_studi\/basi_dati\" target=\"_blank\" rel=\"noopener\">Basi di Dati<\/a><\/td>\n<td>12 crediti<\/td>\n<\/tr>\n<tr>\n<td><a href=\"\/didattica\/piano_studi\/prob_stat_mate\" target=\"_blank\" rel=\"noopener\">Probabilit\u00e0 e Statistica Matematica<\/a><\/td>\n<td>\u00a0\u00a06 crediti<\/td>\n<\/tr>\n<tr>\n<td><a href=\"\/didattica\/piano_studi\/fisi_due\" target=\"_blank\" rel=\"noopener\">Fisica II<\/a><\/td>\n<td>\u00a0\u00a06 crediti<\/td>\n<\/tr>\n<tr>\n<td><a href=\"\/curricula\/\"><i>Insegnamenti di curriculum<\/i><\/a><\/td>\n<td>12 crediti<\/td>\n<\/tr>\n<tr>\n<td><b>Terzo anno:<\/b><\/td>\n<td><\/td>\n<\/tr>\n<tr>\n<td><a href=\"\/didattica\/piano_studi\/ling_prog_veri_soft\" target=\"_blank\" rel=\"noopener\">Linguaggi di Programmazione e Verifica del Software<\/a><\/td>\n<td>12 crediti<\/td>\n<\/tr>\n<tr>\n<td><a href=\"\/didattica\/piano_studi\/reti_calc\" target=\"_blank\" rel=\"noopener\">Reti di Calcolatori<\/a><\/td>\n<td>12 crediti<\/td>\n<\/tr>\n<tr>\n<td><a href=\"\/curricula\/\"><i>Insegnamenti di curriculum<\/i><\/a><\/td>\n<td>\u00a0\u00a06 crediti<\/td>\n<\/tr>\n<tr>\n<td><b>Altre attivit\u00e0:<\/b><\/td>\n<td><\/td>\n<\/tr>\n<tr>\n<td><a href=\"\/didattica\/piano_studi\/corsi_a_scelta\/\">Corsi a scelta dello studente<\/a><\/td>\n<td>12 crediti<\/td>\n<\/tr>\n<tr>\n<td><a href=\"\/didattica\/\/tiro_stag_labo\">Seminari, Tirocini e Stage<\/a><\/td>\n<td>\u00a0\u00a09 crediti<\/td>\n<\/tr>\n<tr>\n<td><a href=\"\/didattica\/piano_studi\/prova_finale\">Prova finale<\/a><\/td>\n<td>\u00a0\u00a06 crediti<\/td>\n<\/tr>\n<\/tbody>\n<\/table>\n<h2><\/h2>\n<h2>Piano degli studi a tempo parziale<\/h2>\n<table class=\"tab-list\">\n<tbody>\n<tr>\n<td><b>Primo anno:<\/b><\/td>\n<td width=\"40%\"><\/td>\n<\/tr>\n<tr>\n<td><a href=\"\/didattica\/piano_studi\/prog_proc_logi\" target=\"_blank\" rel=\"noopener\">Programmazione Procedurale e Logica<\/a><\/td>\n<td>12 crediti<\/td>\n<\/tr>\n<tr>\n<td><a href=\"\/didattica\/piano_studi\/mate_disc\">Matematica Discreta<\/a><\/td>\n<td>\u00a0\u00a06 crediti<\/td>\n<\/tr>\n<tr>\n<td><a href=\"\/didattica\/piano_studi\/anal_mate\" target=\"_blank\" rel=\"noopener\">Analisi Matematica<\/a><\/td>\n<td>12 crediti<\/td>\n<\/tr>\n<tr>\n<td><a href=\"\/didattica\/piano_studi\/algo_stru_dati\" target=\"_blank\" rel=\"noopener\">Algoritmi e Strutture Dati<\/a><\/td>\n<td>12 crediti<\/td>\n<\/tr>\n<tr>\n<td><b>Secondo anno:<\/b><\/td>\n<td><\/td>\n<\/tr>\n<tr>\n<td><a href=\"\/didattica\/piano_studi\/arch_elab\" target=\"_blank\" rel=\"noopener\">Architettura degli Elaboratori<\/a><\/td>\n<td>12 crediti<\/td>\n<\/tr>\n<tr>\n<td><a href=\"\/didattica\/piano_studi\/fisi_uno\" target=\"_blank\" rel=\"noopener\">Fisica I<\/a><\/td>\n<td>\u00a0\u00a06 crediti<\/td>\n<\/tr>\n<tr>\n<td><a href=\"\/didattica\/piano_studi\/prob_stat_mate\" target=\"_blank\" rel=\"noopener\">Probabilit\u00e0 e Statistica Matematica<\/a><\/td>\n<td>\u00a0\u00a06 crediti<\/td>\n<\/tr>\n<tr>\n<td><a href=\"\/didattica\/piano_studi\/prog_ogge_inge_soft\" target=\"_blank\" rel=\"noopener\">Programmazione ad Oggetti e Ingegneria del Software<\/a><\/td>\n<td>12 crediti<\/td>\n<\/tr>\n<tr>\n<td><a href=\"\/didattica\/piano_studi\/ling_ingl\" target=\"_blank\" rel=\"noopener\">Lingua Inglese<\/a>\u00a0<a href=\"\/didattica\/piano_studi\/ling_ingl\/certificazioni\/\">*<\/a><\/td>\n<td>\u00a0\u00a03 crediti<\/td>\n<\/tr>\n<tr>\n<td><b>Terzo anno:<\/b><\/td>\n<td><\/td>\n<\/tr>\n<tr>\n<td><a href=\"\/didattica\/piano_studi\/sist_oper\" target=\"_blank\" rel=\"noopener\">Sistemi Operativi<\/a><\/td>\n<td>12 crediti<\/td>\n<\/tr>\n<tr>\n<td><a href=\"\/didattica\/piano_studi\/basi_dati\" target=\"_blank\" rel=\"noopener\">Basi di Dati<\/a><\/td>\n<td>12 crediti<\/td>\n<\/tr>\n<tr>\n<td><a href=\"\/didattica\/piano_studi\/fisi_due\" target=\"_blank\" rel=\"noopener\">Fisica II<\/a><\/td>\n<td>\u00a0\u00a06 crediti<\/td>\n<\/tr>\n<tr>\n<td><a href=\"\/didattica\/piano_studi\/corsi_a_scelta\/\">Corsi a scelta dello studente<\/a><\/td>\n<td>12 crediti<\/td>\n<\/tr>\n<tr>\n<td><b>Quarto anno:<\/b><\/td>\n<td><\/td>\n<\/tr>\n<tr>\n<td><a href=\"\/didattica\/piano_studi\/ling_prog_veri_soft\" target=\"_blank\" rel=\"noopener\">Linguaggi di Programmazione e Verifica del Software<\/a><\/td>\n<td>12 crediti<\/td>\n<\/tr>\n<tr>\n<td><em><a href=\"\/curricula\/\">Insegnamenti di Curriculum<\/a><\/em><\/td>\n<td>12 crediti<\/td>\n<\/tr>\n<tr>\n<td><a href=\"\/didattica\/\/tiro_stag_labo\">Seminari, Tirocini e Stage<\/a><\/td>\n<td>\u00a0\u00a09 crediti<\/td>\n<\/tr>\n<tr>\n<td><b>Quinto anno:<\/b><\/td>\n<td><\/td>\n<\/tr>\n<tr>\n<td><a href=\"\/didattica\/piano_studi\/reti_calc\" target=\"_blank\" rel=\"noopener\">Reti di Calcolatori<\/a><\/td>\n<td>12 crediti<\/td>\n<\/tr>\n<tr>\n<td><em><a href=\"\/curricula\/\">Insegnamenti di Curriculum<\/a><\/em><\/td>\n<td>\u00a0\u00a06 crediti<\/td>\n<\/tr>\n<tr>\n<td><a href=\"\/didattica\/piano_studi\/prova_finale\">Prova finale<\/a><\/td>\n<td>\u00a0\u00a06 crediti<\/td>\n<\/tr>\n<\/tbody>\n<\/table>\n","protected":false},"excerpt":{"rendered":"<p>Il piano degli studi del Corso di Laurea prevede l&#8217;insegnamento delle conoscenze fondamentali dell&#8217;informatica in materia di programmazione degli elaboratori, architettura degli elaboratori, algoritmi e strutture dati, sistemi operativi, basi di dati, reti di calcolatori, ingegneria del software e modellazione e verifica di sistemi, nonch\u00e9 l&#8217;insegnamento di linguaggi appartenenti a diversi paradigmi: procedurale (C), \u00a0ad&hellip;<\/p>\n","protected":false},"author":49,"featured_media":0,"parent":156,"menu_order":0,"comment_status":"open","ping_status":"closed","template":"","meta":{"_acf_changed":false,"footnotes":""},"class_list":["post-4804","page","type-page","status-publish","hentry","entry","no-media"],"acf":[],"_links":{"self":[{"href":"https:\/\/informatica.uniurb.it\/triennale\/wp-json\/wp\/v2\/pages\/4804","targetHints":{"allow":["GET"]}}],"collection":[{"href":"https:\/\/informatica.uniurb.it\/triennale\/wp-json\/wp\/v2\/pages"}],"about":[{"href":"https:\/\/informatica.uniurb.it\/triennale\/wp-json\/wp\/v2\/types\/page"}],"author":[{"embeddable":true,"href":"https:\/\/informatica.uniurb.it\/triennale\/wp-json\/wp\/v2\/users\/49"}],"replies":[{"embeddable":true,"href":"https:\/\/informatica.uniurb.it\/triennale\/wp-json\/wp\/v2\/comments?post=4804"}],"version-history":[{"count":57,"href":"https:\/\/informatica.uniurb.it\/triennale\/wp-json\/wp\/v2\/pages\/4804\/revisions"}],"predecessor-version":[{"id":12377,"href":"https:\/\/informatica.uniurb.it\/triennale\/wp-json\/wp\/v2\/pages\/4804\/revisions\/12377"}],"up":[{"embeddable":true,"href":"https:\/\/informatica.uniurb.it\/triennale\/wp-json\/wp\/v2\/pages\/156"}],"wp:attachment":[{"href":"https:\/\/informatica.uniurb.it\/triennale\/wp-json\/wp\/v2\/media?parent=4804"}],"curies":[{"name":"wp","href":"https:\/\/api.w.org\/{rel}","templated":true}]}}