{"id":3635,"date":"2014-01-21T16:48:44","date_gmt":"2013-12-11T07:23:34","guid":{"rendered":"https:\/\/informatica.uniurb.it\/triennale\/?page_id=3635"},"modified":"2015-01-27T18:34:08","modified_gmt":"2015-01-27T17:34:08","slug":"codescool","status":"publish","type":"page","link":"https:\/\/informatica.uniurb.it\/triennale\/codescool\/","title":{"rendered":"Code&#8217;s Cool &#8211; Programmare \u00e8 forte!"},"content":{"rendered":"<p style=\"text-align: center;\">|<strong>Descrizione<\/strong>| |<strong><a href=\"https:\/\/informatica.uniurb.it\/triennale\/category\/codescool-blog-it\/\">Blog<\/a><\/strong>| |<strong><a href=\"https:\/\/informatica.uniurb.it\/triennale\/codescool\/materiale\/\">Materiale<\/a><\/strong>|\u00a0|<strong><a href=\"https:\/\/informatica.uniurb.it\/triennale\/codescool\/adesione-scuole\/\">AdesioneScuole<\/a><\/strong>| |<strong><a href=\"https:\/\/informatica.uniurb.it\/triennale\/codescool\/codescool-partners\/\">Partner<\/a><\/strong>| |<strong><a href=\"http:\/\/codeweek.it\/\" target=\"_blank\">CodeWeek<\/a><\/strong>|<\/p>\n<p style=\"text-align: center;\"><span style=\"color: #000000;\"><strong>Attivita&#8217; in corso: <a href=\"http:\/\/codeweek.it\/mooc\/\" target=\"_blank\">Partecipa al MOOC di Programma il Futuro<\/a><\/strong><\/span><\/p>\n<p>Le cose intorno a noi stanno cambiando in fretta. Molti degli oggetti che ci circondano contengono microprocessori che aspettano di essere programmati. La programmazione \u00e8 il linguaggio delle cose. Parlare il linguaggio delle cose \u00e8 un vantaggio competitivo perch\u00e8 ci permette di realizzare le nostre idee sfruttando l&#8217;enorme potenziale degli oggetti &#8220;smart&#8221; che abbiamo attorno. La programmazione stimola il pensiero creativo. Il pensiero creativo dei giovani \u00e8 necessario allo sviluppo. Su queste semplici consapevolezze si basano le iniziative che si stanno diffondendo in Europa e nel Mondo per avvicinare bambini e ragazzi alla programmazione: <a href=\"https:\/\/informatica.uniurb.it\/triennale\/codeweek\/\">Europe Code Week<\/a>, <a href=\"http:\/\/code.org\/educate\/hoc\">Hour of Code<\/a>, <a href=\"https:\/\/informatica.uniurb.it\/triennale\/one-hour-of-code\/\">Computer Science Education Week<\/a>, <a href=\"http:\/\/coderdojo.com\/\">Coder Dojo<\/a>, &#8230;<\/p>\n<p><iframe loading=\"lazy\" src=\"\/\/www.youtube.com\/embed\/AEXF33EgH0w\" height=\"250\" width=\"300\" allowfullscreen=\"\" frameborder=\"0\"><\/iframe><\/p>\n<p><strong>Code&#8217;s Cool<\/strong> \u00e8 una comunit\u00e0 di apprendimento aperta e informale, che si avvale di strumenti online per coinvolgere <strong>bambini, ragazzi, famiglie, scuole, insegnanti, studenti e docenti universitari<\/strong> animati dal desiderio di programmare insieme e apprendere gli uni dagli altri. In Code&#8217;s Cool <strong>non c&#8217;\u00e8 distinzione tra chi insegna e chi impara<\/strong>. A ciascuno capita di insegnare e di imparare confrontandosi con gli altri.<\/p>\n<p><strong><a href=\"https:\/\/groups.google.com\/forum\/#!forum\/codescool\">Code&#8217;s Cool Google Group<\/a><\/strong>. E&#8217; lo strumento principale di comunicazione operativa tra i membri della comunit\u00e0 di apprendimento. E&#8217; un gruppo aperto al quale chiunque pu\u00f2 aderire. I membri del gruppo hanno tutti lo stesso ruolo e possono indifferentemente fare domande, dare risposte o partecipare a discussioni, ciascuno secondo le proprie competenze e la propria disponibilit\u00e0. <strong>Iscriviti per far parte della comunit\u00e0.<\/strong><\/p>\n<p><strong><a href=\"https:\/\/www.google.com\/calendar\/render?cid=dW5pdXJiLml0X3ZjOXZnbGRhMmJkaXVhcHRsNGZtZXZwYmE4QGdyb3VwLmNhbGVuZGFyLmdvb2dsZS5jb20\">Code&#8217;s Cool Google Calendar<\/a>.<\/strong> E&#8217; il calendario condiviso di Code&#8217;s Cool. Tutti i membri del gruppo Google possono inserire e modificare eventi nel calendario in modo da renderli noti all&#8217;interno e all&#8217;esterno della comunit\u00e0. Tutti possono sincronizzare il calendario condiviso alla propria agenda per essere sempre al corrente di iniziative \u00a0opportunit\u00e0 offerte alla comunit\u00e0. <strong>Sincronizzati per partecipare agli eventi.<\/strong><\/p>\n<p><strong><a href=\"http:\/\/www.youtube.com\/channel\/UCtcyXCuAy_NHusocxuERuXA\/feed\">Code&#8217;s Cool Youtube Channel<\/a>.<\/strong> E&#8217; il canale sul quale vengono caricati e pubblicati i video degli eventi, dei seminari, degli esempi, delle istruzioni e dei tutorial di Code&#8217;s Cool. <strong>Iscriviti al canale e segnalaci video da condividere.<\/strong><\/p>\n<p><strong><a href=\"https:\/\/www.facebook.com\/groups\/436296329831384\/\">Code&#8217;s Cool Facebook Group<\/a>.<\/strong> E&#8217; il gruppo Facebook della comunit\u00e0 di Code&#8217;s Cool. I membri di Code&#8217;s Cool possono usarlo per divulgare informazioni, estendere la comunit\u00e0 di apprendimento, promuovere le proprie iniziative e avvicinare quante pi\u00f9 persone possibile alla programmazione. <strong>Iscriviti per saperne di pi\u00f9.<\/strong><\/p>\n<p><strong><a href=\"https:\/\/www.facebook.com\/codesCool\">Code&#8217;s Cool Facebook Page<\/a><\/strong>. E&#8217; la pagina Facebook di Code&#8217;s Cool, utilizzata come vetrina per promuovere e divulgare iniziative, eventi, materiali. <strong>Segui e promuovi la pagina per contribuire a diffondere l&#8217;iniziativa.<\/strong><\/p>\n<p><strong><a href=\"https:\/\/twitter.com\/search?q=%23codescool\">#codesCool Twitter hashtag<\/a><\/strong>. E&#8217; l&#8217;hashtag utilizzato dai membri della comunit\u00e0 per dare informazioni e aggiornamenti in tempo reale su eventi, fatti e risultati che hanno a che fare con la programmazione. <strong>Seguici su twitter e rilancia i tweet che possono interessare i tuoi follower.<\/strong><\/p>\n<p><strong><a href=\"https:\/\/join.me\/\">Join.me<\/a>.<\/strong> E&#8217; lo strumento utilizzato per mostrare e spiegare ad un gruppo di utenti online ci\u00f2 che appare sullo schermo del nostro computer. Questo strumento consente di effettuare seminari ed esercitazioni guidate online, effettuando registrazioni audio-video che possono poi essere condivise sul canale Youtube. <strong>Prova subito ad utilizzare Join.me per essere pronto a partecipare agli eventi online.<\/strong><\/p>\n<p><strong><a href=\"http:\/\/scratch.mit.edu\/users\/codescool\/\">Scratch<\/a><\/strong>. E&#8217; l&#8217;ambiente di programmazione visuale online sviluppato al MIT per avvicinare i giovani alla programmazione in modo intuitivo e stimolare la creativita&#8217;. L&#8217;account Scratch di Code&#8217;s cool e&#8217; utilizzato per pubblicare i progetti sviluppati insieme e permettere a chiunque di usarli come base per sviluppare le proprie idee. <strong>Guarda i progetti gia&#8217; pubblicati a migliorali con l&#8217;opzione REMIX<\/strong>.<\/p>\n<p>Code&#8217;s Cool \u00e8 un&#8217;iniziativa della <a href=\"https:\/\/informatica.uniurb.it\/triennale\/\">Scuola di Scienze e Tecnologie dell&#8217;Informazione<\/a> dell&#8217;Universit\u00e0 di Urbino e dell&#8217;<a href=\"http:\/\/www.neunet.it\/\">Associazione Culturale NeuNet<\/a>, lanciata nel corso di un seminario l&#8217;11-12-13 alle 14:15.<\/p>\n<h3>I video-log di tutti gli incontri online, le applicazioni sviluppate insieme e il relativo codice sorgente sono disponibili online. I link sono raccolti nella <a href=\"https:\/\/informatica.uniurb.it\/triennale\/codescool\/materiale\/\">pagina dedicata al materiale<\/a>.<\/h3>\n","protected":false},"excerpt":{"rendered":"<p>|Descrizione| |Blog| |Materiale|\u00a0|AdesioneScuole| |Partner| |CodeWeek| Attivita&#8217; in corso: Partecipa al MOOC di Programma il Futuro Le cose intorno a noi stanno cambiando in fretta. Molti degli oggetti che ci circondano contengono microprocessori che aspettano di essere programmati. La programmazione \u00e8 il linguaggio delle cose. Parlare il linguaggio delle cose \u00e8 un vantaggio competitivo perch\u00e8 ci&hellip;<\/p>\n","protected":false},"author":35,"featured_media":3639,"parent":0,"menu_order":0,"comment_status":"open","ping_status":"closed","template":"","meta":{"_acf_changed":false,"footnotes":""},"class_list":["post-3635","page","type-page","status-publish","has-post-thumbnail","hentry","entry","has-media"],"acf":[],"_links":{"self":[{"href":"https:\/\/informatica.uniurb.it\/triennale\/wp-json\/wp\/v2\/pages\/3635","targetHints":{"allow":["GET"]}}],"collection":[{"href":"https:\/\/informatica.uniurb.it\/triennale\/wp-json\/wp\/v2\/pages"}],"about":[{"href":"https:\/\/informatica.uniurb.it\/triennale\/wp-json\/wp\/v2\/types\/page"}],"author":[{"embeddable":true,"href":"https:\/\/informatica.uniurb.it\/triennale\/wp-json\/wp\/v2\/users\/35"}],"replies":[{"embeddable":true,"href":"https:\/\/informatica.uniurb.it\/triennale\/wp-json\/wp\/v2\/comments?post=3635"}],"version-history":[{"count":53,"href":"https:\/\/informatica.uniurb.it\/triennale\/wp-json\/wp\/v2\/pages\/3635\/revisions"}],"predecessor-version":[{"id":3637,"href":"https:\/\/informatica.uniurb.it\/triennale\/wp-json\/wp\/v2\/pages\/3635\/revisions\/3637"}],"wp:featuredmedia":[{"embeddable":true,"href":"https:\/\/informatica.uniurb.it\/triennale\/wp-json\/wp\/v2\/media\/3639"}],"wp:attachment":[{"href":"https:\/\/informatica.uniurb.it\/triennale\/wp-json\/wp\/v2\/media?parent=3635"}],"curies":[{"name":"wp","href":"https:\/\/api.w.org\/{rel}","templated":true}]}}