{"id":3589,"date":"2013-12-06T14:39:41","date_gmt":"2013-12-06T13:39:41","guid":{"rendered":"https:\/\/informatica.uniurb.it\/triennale\/?page_id=3589"},"modified":"2013-12-06T14:43:44","modified_gmt":"2013-12-06T13:43:44","slug":"one-hour-of-code","status":"publish","type":"page","link":"https:\/\/informatica.uniurb.it\/triennale\/one-hour-of-code\/","title":{"rendered":"11-12-13: Un&#8217;ora di programmazione a scuola"},"content":{"rendered":"<h2><strong><a href=\"https:\/\/informatica.uniurb.it\/triennale\/wp-content\/uploads\/page\/unora-di-programmazione-a-suola\/one-hour-of-code.png\"><img loading=\"lazy\" decoding=\"async\" class=\"size-medium wp-image-3590 aligncenter\" alt=\"one-hour-of-code\" src=\"https:\/\/informatica.uniurb.it\/triennale\/wp-content\/uploads\/page\/unora-di-programmazione-a-suola\/one-hour-of-code-300x156.png\" width=\"300\" height=\"156\" srcset=\"https:\/\/informatica.uniurb.it\/triennale\/wp-content\/uploads\/page\/unora-di-programmazione-a-suola\/one-hour-of-code-300x156.png 300w, https:\/\/informatica.uniurb.it\/triennale\/wp-content\/uploads\/page\/unora-di-programmazione-a-suola\/one-hour-of-code-210x109.png 210w, https:\/\/informatica.uniurb.it\/triennale\/wp-content\/uploads\/page\/unora-di-programmazione-a-suola\/one-hour-of-code-290x151.png 290w, https:\/\/informatica.uniurb.it\/triennale\/wp-content\/uploads\/page\/unora-di-programmazione-a-suola\/one-hour-of-code.png 377w\" sizes=\"auto, (max-width: 300px) 100vw, 300px\" \/><\/a><br \/>\n<\/strong><\/h2>\n<h2><span style=\"font-size: 13px;\">Un&#8217;ora per scoprire il gusto della programmazione e imparare a sviluppare app per smartphone e tablet<\/span><\/h2>\n<p><span style=\"font-size: 13px;\">La Scuola di Scienze e Tecnologie dell&#8217;Informazione dell&#8217;Universita&#8217; di Urbino (<\/span><a style=\"font-size: 13px;\" href=\"https:\/\/informatica.uniurb.it\/triennale\/\" target=\"_blank\">https:\/\/informatica.uniurb.it\/triennale\/<\/a><wbr style=\"font-size: 13px;\" \/><span style=\"font-size: 13px;\">) aderisce all&#8217;iniziativa internazionale &#8220;<a href=\"http:\/\/csedweek.org\/\"><strong>One Hour of Code<\/strong><\/a>&#8221; proponendo alle Scuole italiane un&#8217;ora di avviamento alla programmazione.<\/span><\/p>\n<p><strong>Mercoled\u00ec 11 dicembre 2013, ore 11, online.<\/strong><\/p>\n<p>Il Prof. Alessandro Bogliolo, collegato in webcast dall&#8217;Universit\u00e0 di Urbino, illustrer\u00e0 le basi e le potenzialit\u00e0 della programmazione e del pensiero creativo e guider\u00e0 i ragazzi in un&#8217;esercitazione pratica che consentir\u00e0 loro di realizzare una vera e propria applicazione Android, che potr\u00e0 essere installata ed eseguita su smartphone e tablet.<\/p>\n<p><strong>Le scuole sono invitate a partecipare organizzando gruppi di ascolto collegati in diretta con l&#8217;Universit\u00e0 di Urbino.<\/strong><\/p>\n<p>Gli strumenti utilizzati per l&#8217;esercitazione, sviluppati al MIT di Boston, resteranno disponibili online nei giorni successivi per permettere ai ragazzi di continuare a fare pratica e sviluppare i propri programmi e le proprie applicazioni mobili.<\/p>\n<p>Per poter ripetere tutti i passi dell&#8217;esperienza pratica proposta occorre disporre di un account gmail (che puo&#8217; essere creato gratuitamente online). Chi dispone di un dispositivo Android potra&#8217; anche installare ed eseguire sul proprio dispositivo le applicazioni sviluppate nel corso dell&#8217;esercitazione.<\/p>\n<p><strong>Gli istituti scolastici che intendono aderire sono invitati a <a href=\"https:\/\/docs.google.com\/forms\/d\/1a0wV4_Wo-xDT_PskLTiKs8uNuKcdcNo1Pev8-Y1GpVw\/viewform\">compilare il modulo<\/a> di adesione e a contattarci per discutere gli aspetti organizzativi.<\/strong><\/p>\n<p>Le iniziative sono anche aperte alla partecipazione individuale. I link a tutti i materiali in diretta e in webcast verranno pubblicati su questo sito.<\/p>\n<p><strong>Per informazioni:<\/strong><br \/>\n0722 4475<br \/>\n<a href=\"https:\/\/informatica.uniurb.it\/triennale\/one-hour-of-code\/\">https:\/\/informatica.uniurb.it\/triennale\/one-hour-of-code\/<\/a><br \/>\n<a href=\"mailto:cdl.informatica@uniurb.it\">cdl.informatica@uniurb.it<\/a><br \/>\n<a href=\"https:\/\/docs.google.com\/forms\/d\/1a0wV4_Wo-xDT_PskLTiKs8uNuKcdcNo1Pev8-Y1GpVw\/viewform\">modulo di registrazione gratuita<\/a><\/p>\n","protected":false},"excerpt":{"rendered":"<p>Un&#8217;ora per scoprire il gusto della programmazione e imparare a sviluppare app per smartphone e tablet La Scuola di Scienze e Tecnologie dell&#8217;Informazione dell&#8217;Universita&#8217; di Urbino (https:\/\/informatica.uniurb.it\/triennale\/) aderisce all&#8217;iniziativa internazionale &#8220;One Hour of Code&#8221; proponendo alle Scuole italiane un&#8217;ora di avviamento alla programmazione. Mercoled\u00ec 11 dicembre 2013, ore 11, online. Il Prof. Alessandro Bogliolo, collegato&hellip;<\/p>\n","protected":false},"author":35,"featured_media":0,"parent":0,"menu_order":0,"comment_status":"open","ping_status":"closed","template":"","meta":{"_acf_changed":false,"footnotes":""},"class_list":["post-3589","page","type-page","status-publish","hentry","entry","no-media"],"acf":[],"_links":{"self":[{"href":"https:\/\/informatica.uniurb.it\/triennale\/wp-json\/wp\/v2\/pages\/3589","targetHints":{"allow":["GET"]}}],"collection":[{"href":"https:\/\/informatica.uniurb.it\/triennale\/wp-json\/wp\/v2\/pages"}],"about":[{"href":"https:\/\/informatica.uniurb.it\/triennale\/wp-json\/wp\/v2\/types\/page"}],"author":[{"embeddable":true,"href":"https:\/\/informatica.uniurb.it\/triennale\/wp-json\/wp\/v2\/users\/35"}],"replies":[{"embeddable":true,"href":"https:\/\/informatica.uniurb.it\/triennale\/wp-json\/wp\/v2\/comments?post=3589"}],"version-history":[{"count":10,"href":"https:\/\/informatica.uniurb.it\/triennale\/wp-json\/wp\/v2\/pages\/3589\/revisions"}],"predecessor-version":[{"id":3597,"href":"https:\/\/informatica.uniurb.it\/triennale\/wp-json\/wp\/v2\/pages\/3589\/revisions\/3597"}],"wp:attachment":[{"href":"https:\/\/informatica.uniurb.it\/triennale\/wp-json\/wp\/v2\/media?parent=3589"}],"curies":[{"name":"wp","href":"https:\/\/api.w.org\/{rel}","templated":true}]}}