{"id":194,"date":"2013-04-24T11:16:13","date_gmt":"2013-04-24T09:16:13","guid":{"rendered":"https:\/\/informatica.uniurb.it\/tri\/?page_id=194"},"modified":"2024-10-21T12:23:39","modified_gmt":"2024-10-21T10:23:39","slug":"blended-learning","status":"publish","type":"page","link":"https:\/\/informatica.uniurb.it\/triennale\/didattica\/blended-learning\/","title":{"rendered":"Blended learning"},"content":{"rendered":"<p>Il Corso di Laurea \u00e8 dotato di una <a href=\"https:\/\/blended.uniurb.it\/moodle\/\" target=\"_blank\" rel=\"noopener\">piattaforma di blended learning<\/a> per integrare le attivit\u00e0 didattiche in presenza con le seguenti finalit\u00e0:<\/p>\n<ul>\n<li>Condivisione di materiale didattico digitale.<\/li>\n<li>Discussione asincrona di argomenti trattati a lezione.<\/li>\n<li>Organizzazione di prove per l&#8217;autovalutazione del livello di preparazione.<\/li>\n<li>Diffusione di avvisi per variazioni relative a lezioni ed esami.<\/li>\n<\/ul>\n<p>Maggiori informazioni sui servizi di blended learning sono disponibili <a href=\"https:\/\/www.uniurb.it\/ateneo\/servizi-ict\/blended-learning\" target=\"_blank\" rel=\"noopener\">qui<\/a>.<\/p>\n","protected":false},"excerpt":{"rendered":"<p>Il Corso di Laurea \u00e8 dotato di una piattaforma di blended learning per integrare le attivit\u00e0 didattiche in presenza con le seguenti finalit\u00e0: Condivisione di materiale didattico digitale. Discussione asincrona di argomenti trattati a lezione. Organizzazione di prove per l&#8217;autovalutazione del livello di preparazione. Diffusione di avvisi per variazioni relative a lezioni ed esami. Maggiori&hellip;<\/p>\n","protected":false},"author":35,"featured_media":0,"parent":156,"menu_order":0,"comment_status":"open","ping_status":"closed","template":"","meta":{"_acf_changed":false,"footnotes":""},"class_list":["post-194","page","type-page","status-publish","hentry","entry","no-media"],"acf":[],"_links":{"self":[{"href":"https:\/\/informatica.uniurb.it\/triennale\/wp-json\/wp\/v2\/pages\/194","targetHints":{"allow":["GET"]}}],"collection":[{"href":"https:\/\/informatica.uniurb.it\/triennale\/wp-json\/wp\/v2\/pages"}],"about":[{"href":"https:\/\/informatica.uniurb.it\/triennale\/wp-json\/wp\/v2\/types\/page"}],"author":[{"embeddable":true,"href":"https:\/\/informatica.uniurb.it\/triennale\/wp-json\/wp\/v2\/users\/35"}],"replies":[{"embeddable":true,"href":"https:\/\/informatica.uniurb.it\/triennale\/wp-json\/wp\/v2\/comments?post=194"}],"version-history":[{"count":40,"href":"https:\/\/informatica.uniurb.it\/triennale\/wp-json\/wp\/v2\/pages\/194\/revisions"}],"predecessor-version":[{"id":18464,"href":"https:\/\/informatica.uniurb.it\/triennale\/wp-json\/wp\/v2\/pages\/194\/revisions\/18464"}],"up":[{"embeddable":true,"href":"https:\/\/informatica.uniurb.it\/triennale\/wp-json\/wp\/v2\/pages\/156"}],"wp:attachment":[{"href":"https:\/\/informatica.uniurb.it\/triennale\/wp-json\/wp\/v2\/media?parent=194"}],"curies":[{"name":"wp","href":"https:\/\/api.w.org\/{rel}","templated":true}]}}