{"id":180,"date":"2013-04-24T11:06:23","date_gmt":"2013-04-24T09:06:23","guid":{"rendered":"https:\/\/informatica.uniurb.it\/tri\/?page_id=180"},"modified":"2026-03-11T07:54:11","modified_gmt":"2026-03-11T06:54:11","slug":"verifica-della-preparazione","status":"publish","type":"page","link":"https:\/\/informatica.uniurb.it\/triennale\/orientamento\/verifica-della-preparazione\/","title":{"rendered":"Verifica della preparazione"},"content":{"rendered":"<h3><strong>Informazioni generali<\/strong><\/h3>\n<p>Per l&#8217;ammissione al Corso di Laurea occorre essere in possesso del titolo di scuola secondaria superiore richiesto dalla normativa vigente o di altro titolo di studio conseguito all\u2019estero riconosciuto idoneo. In conformit\u00e0 a quanto stabilito dal D.M. 270\/2004 (art. 6 comma 1), \u00e8 prevista una prova di verifica delle conoscenze iniziali.<\/p>\n<p>Le prove di <strong>Verifica della Preparazione Iniziale (VPI)<\/strong> sono state istituite per fornire una risposta unitaria all&#8217;obbligo degli atenei di dare chiare indicazioni sulle conoscenze richieste per l&#8217;ingresso. Sono <strong>obbligatorie<\/strong> per l&#8217;iscrizione a tutti corsi di laurea, anche se <em>la loro funzione non \u00e8 di limitare gli accessi ai corsi di laurea ma di consentire agli studenti e alle studentesse di autovalutare la propria preparazione di base e intraprendere consapevolmente gli studi universitari<\/em>. Per questo motivo si suggerisce di sostenere la prova il prima possibile, anche nel corso dell&#8217;ultimo anno della scuola secondaria superiore, al fine di individuare in anticipo potenziali problemi e orientarsi al meglio nella scelta degli studi universitari da intraprendere.<\/p>\n<p>In caso di mancato superamento della prova VPI, a coloro che si iscrivono al Corso di Laurea sono assegnati <strong>Obblighi Formativi Aggiuntivi (OFA)<\/strong> che hanno lo scopo di richiamare l&#8217;attenzione sull&#8217;importanza di lacune che potrebbero rendere difficoltoso, o addirittura compromettere, il percorso di studi. Gli OFA si assolvono sostenendo nuovamente e superando la prova VPI in una delle modalit\u00e0 offerte dal Corso di Laurea. Come previsto dall&#8217;art. 5 del Regolamento Didattico del Corso di Laurea, <strong>chi non assolve gli OFA non pu\u00f2 sostenere gli esami di insegnamenti di anni successivi al primo.<\/strong><\/p>\n<h3><strong>Struttura della prova<\/strong><\/h3>\n<p>Il Corso di Laurea aderisce al sistema di verifica basato sulle prove TOLC &#8211; Test On Line <a href=\"https:\/\/www.cisiaonline.it\/\" target=\"_blank\" rel=\"noopener\">CISIA<\/a>, considerando validi per la VPI sia il test <a href=\"https:\/\/www.cisiaonline.it\/area-tematica-tolc-scienze\/struttura-della-prova-e-sillabo\/\" target=\"_blank\" rel=\"noopener\">TOLC-S<\/a> (Scienze) che il test <a href=\"https:\/\/www.cisiaonline.it\/area-tematica-tolc-ingegneria\/struttura-della-prova-e-sillabo\/\" target=\"_blank\" rel=\"noopener\">TOLC-I<\/a> (Ingegneria). Il Corso di Laurea riconosce entrambe le modalit\u00e0 di erogazione del TOLC: all&#8217;universit\u00e0 e @CASA.<\/p>\n<p>Il test prevede quesiti a risposta chiusa; ogni quesito presenta 5 possibili risposte, delle quali una sola \u00e8 corretta. La valutazione prevede +1 punto per ogni risposta esatta, 0 punti per ogni risposta non data e -0,25 punti per ogni risposta errata.<\/p>\n<p>Il <strong>TOLC-S<\/strong> comprende 20 quesiti di Matematica di base (50 minuti), 15 quesiti di Ragionamento, problemi e comprensione del testo (30 minuti), 5 quesiti di Biologia (10 minuti), 5 quesiti di Chimica (10 minuti), 5 quesiti di Fisica (10 minuti) e 5 quesiti di Scienze della Terra (10 minuti).<\/p>\n<p>Il <strong>TOLC-I<\/strong> comprende 20 quesiti di Matematica (50 minuti), 10 quesiti di Logica (20 minuti), 10 quesiti di Scienze (20 minuti) e 10 quesiti di Comprensione verbale (20 minuti).<\/p>\n<p>Il test comprende inoltre una sezione aggiuntiva con 30 quesiti di lingua inglese (15 minuti). Per questa sezione non \u00e8 prevista penalizzazione per le risposte sbagliate e il punteggio \u00e8 determinato dall\u2019assegnazione di +1 punto per le risposte esatte e 0 punti per le risposte sbagliate o non date. Il punteggio ottenuto in questa sezione non concorre al raggiungimento della soglia di superamento del test.<\/p>\n<p><strong>Il punteggio minimo stabilito dal Corso di Laurea per il superamento del TOLC \u00e8 15\/40, da conseguire complessivamente nelle sezioni Matematica di base, Ragionamento, problemi e comprensione del testo e Fisica del TOLC-S oppure nelle sezioni Matematica, Logica e Comprensione verbale del TOLC-I.<\/strong><\/p>\n<p>L&#8217;esperienza degli anni precedenti evidenzia che <strong>chi non raggiunge un punteggio di almeno 10\/40 sar\u00e0 a forte rischio di abbandono<\/strong> del Corso di Laurea entro la fine del primo anno. Si consiglia pertanto di seguire le indicazioni date per una corretta preparazione alla prova e di rivolgersi ai referenti del Corso di Laurea in caso di OFA che si fatica ad assolvere.<\/p>\n<p>Tutte le sedi universitarie aderenti al TOLC adottano le medesime modalit\u00e0 di gestione del TOLC e le stesse misure organizzative. Il risultato ottenuto in uno stesso tipo di TOLC \u00e8 valido, in fase di ammissione a un corso di laurea, per tutte le sedi che utilizzano quello stesso tipo di TOLC, a prescindere dalla sede in cui il test \u00e8 stato effettuato e almeno per l\u2019anno solare in cui \u00e8 il risultato \u00e8 stato ottenuto. Per il sostenimento di ogni test \u00e8 necessario corrispondere al CISIA un contributo spese obbligatorio omnicomprensivo pari a 35 euro come quota di iscrizione.<\/p>\n<p>Dal mese di maggio 2020 il CISIA ha messo in campo il <strong>TOLC@CASA<\/strong> con la finalit\u00e0 di consentire la regolare erogazione dei test anche presso l&#8217;abitazione di ogni partecipante. I TOLC@CASA sono erogati attraverso la piattaforma informatica CISIA, con l\u2019uso di strumenti e tecnologie in grado di realizzare aule virtuali nelle quali ricreare un ambiente sicuro e controllato in cui ogni partecipante possa essere correttamente identificato e possa eseguire il proprio test in autonomia. Le aule virtuali sono create e gestite dalle sedi universitarie in collaborazione con il CISIA. Sul sito del CISIA sono indicate in dettaglio <a href=\"https:\/\/www.cisiaonline.it\/tolccasa-cosa-fare-prima-durante-e-dopo\/\" target=\"_blank\" rel=\"noopener\">la strumentazione necessaria e le istruzioni per svolgere il TOLC@CASA<\/a>.<\/p>\n<h3><strong>Date e luogo delle prove<\/strong><\/h3>\n<p>Le prossime date del TOLC@CASA organizzate dal Corso di Laurea sono le seguenti:<\/p>\n<ul>\n<li><strong>12 febbraio 2026<\/strong>, 100 posti disponibili, scadenza delle iscrizioni ore 14:00 del 6 febbraio 2026.<\/li>\n<li><strong>26 marzo 2026<\/strong>, 100 posti disponibili, scadenza delle iscrizioni ore 14:00 del 20 marzo 2026.<\/li>\n<li><strong>7 maggio 2026<\/strong>, 100 posti disponibili, scadenza delle iscrizioni ore 14:00 del 4 maggio 2026.<\/li>\n<li><strong>11 settembre 2026<\/strong>, 100 posti disponibili<!--, scadenza delle iscrizioni ore 14:00 del 5 settembre 2025-->.<\/li>\n<li><strong>25 novembre 2026<\/strong>, 100 posti disponibili<!--, iscrizioni entro le ore 14:00 del 20 novembre 2025-->.<\/li>\n<\/ul>\n<p>\u00c8 altres\u00ec possibile sostenere il test in una qualunque delle date presenti sul sito CISIA, indipendentemente dall&#8217;ateneo che lo organizza.<\/p>\n<p>Sono previste prove di assolvimento OFA organizzate localmente dal Corso di Laurea in corrispondenza di tutti gli appelli delle sessioni invernale ed estiva degli insegnamenti di Logica, Algebra e Geometria e di Analisi Matematica 1.<\/p>\n<h3><strong>Modalit\u00e0 di registrazione e partecipazione<\/strong><\/h3>\n<p>Di seguito si riporta la procedura da seguire per la registrazione al test TOLC:<\/p>\n<ol>\n<li>Registrarsi all\u2019<a href=\"https:\/\/tolc.cisiaonline.it\/studenti_tolc\/user_test_tolc.php\" target=\"_blank\" rel=\"noopener noreferrer\">area riservata TOLC<\/a> del portale CISIA. Il sistema invier\u00e0 all&#8217;indirizzo di posta elettronica inserito all&#8217;atto dell\u2019iscrizione le credenziali di accesso (nome utente e password) alla propria area riservata sul portale CISIA.<\/li>\n<li>Utilizzando nome utente e password fornite, accedere alla propria <a href=\"https:\/\/tolc.cisiaonline.it\/studenti_tolc\/login_studente_tolc.php\" target=\"_blank\" rel=\"noopener noreferrer\">area riservata TOLC<\/a>, da dove \u00e8 possibile selezionare la tipologia di TOLC a cui ci si intende iscrivere (<strong>TOLC-S<\/strong> oppure <strong>TOLC-I<\/strong>), la modalit\u00e0 di pagamento (MAV o carta di debito\/credito), la sede universitaria (regione: MARCHE, citt\u00e0-sede: URBINO) e la data presso la quale si intende sostenere il TOLC. All\u2019atto della prenotazione si dovr\u00e0 inserire obbligatoriamente il tipo e il numero di documento (carta d&#8217;identit\u00e0 o passaporto, in corso di validit\u00e0) che si dovr\u00e0 esibire al momento dell\u2019accesso in aula.<\/li>\n<li>Procedere al pagamento del contributo di iscrizione (35 euro) tramite carta di debito\/credito o MAV bancario. Il MAV bancario deve essere pagato entro la data di scadenza riportata sul MAV medesimo. Il CISIA si riserva la possibilit\u00e0 di non garantire il posto in aula a chi non effettuer\u00e0 il pagamento del MAV entro la scadenza riportata sul bollettino. Nel caso in cui la scadenza delle iscrizioni capiti in un giorno festivo, la stessa sar\u00e0 posticipata alle ore 14:00 del giorno feriale successivo.<\/li>\n<li>Ad esito di pagamento positivo con carta di debito\/credito, stampare immediatamente il certificato di iscrizione e la ricevuta di pagamento nella propria area riservata. Tale ricevuta, che d\u00e0 diritto a sostenere la prova, dovr\u00e0 essere conservata e presentata per l\u2019accesso in aula.<\/li>\n<li>In caso di pagamento con MAV bancario, ad esito positivo del pagamento riscontrato dal CISIA, si ricever\u00e0 all\u2019indirizzo di posta elettronica fornito la comunicazione che il pagamento \u00e8 stato effettuato correttamente. Entrando nella propria area riservata, si potr\u00e0 stampare il certificato di iscrizione e la ricevuta di pagamento. Tale ricevuta, che d\u00e0 diritto a sostenere la prova, dovr\u00e0 essere conservata e presentata per l\u2019accesso in aula. Se non si ricevono il certificato di iscrizione e la ricevuta di pagamento, non sar\u00e0 consentito lo svolgimento del TOLC.<\/li>\n<\/ol>\n<p>Il giorno del test, nel caso di TOLC@CASA bisogna collegarsi al client di erogazione del TOLC col proprio computer attraverso l\u2019applicativo e all\u2019aula virtuale col proprio dispositivo mobile, secondo le modalit\u00e0 e le tempistiche riportate nella ricevuta di avvenuto pagamento e iscrizione.<\/p>\n<p>Al termine del test, all\u2019interno della propria <a href=\"https:\/\/tolc.cisiaonline.it\/studenti_tolc\/user_test_tolc.php\" target=\"_blank\" rel=\"noopener noreferrer\">area riservata TOLC<\/a> sul portale CISIA sar\u00e0 possibile stampare l\u2019attestato di partecipazione al test contenente i dati relativi al risultato conseguito. Tale attestato contiene anche l&#8217;indicazione della sede e la data di svolgimento. Sar\u00e0 possibile inoltre scaricare e stampare un attestato di partecipazione che non include il risultato e un ulteriore documento riportante i dati di dettaglio sul risultato ottenuto al TOLC nelle diverse sezioni del test.<\/p>\n<h3><strong>Preparazione al test<\/strong><\/h3>\n<p>In preparazione alle edizioni del test erogate durante l&#8217;autunno ci si pu\u00f2 iscrivere al <a href=\"https:\/\/informatica.uniurb.it\/triennale\/orientamento\/training-camp\/\">Training Camp<\/a>, comprendente precorsi sulle materie di base ed eventuali attivit\u00e0 di laboratorio, organizzato in settembre dal Corso di Laurea.<\/p>\n","protected":false},"excerpt":{"rendered":"<p>Informazioni generali Per l&#8217;ammissione al Corso di Laurea occorre essere in possesso del titolo di scuola secondaria superiore richiesto dalla normativa vigente o di altro titolo di studio conseguito all\u2019estero riconosciuto idoneo. In conformit\u00e0 a quanto stabilito dal D.M. 270\/2004 (art. 6 comma 1), \u00e8 prevista una prova di verifica delle conoscenze iniziali. Le prove&hellip;<\/p>\n","protected":false},"author":49,"featured_media":0,"parent":154,"menu_order":0,"comment_status":"open","ping_status":"closed","template":"","meta":{"_acf_changed":false,"footnotes":""},"class_list":["post-180","page","type-page","status-publish","hentry","entry","no-media"],"acf":[],"_links":{"self":[{"href":"https:\/\/informatica.uniurb.it\/triennale\/wp-json\/wp\/v2\/pages\/180","targetHints":{"allow":["GET"]}}],"collection":[{"href":"https:\/\/informatica.uniurb.it\/triennale\/wp-json\/wp\/v2\/pages"}],"about":[{"href":"https:\/\/informatica.uniurb.it\/triennale\/wp-json\/wp\/v2\/types\/page"}],"author":[{"embeddable":true,"href":"https:\/\/informatica.uniurb.it\/triennale\/wp-json\/wp\/v2\/users\/49"}],"replies":[{"embeddable":true,"href":"https:\/\/informatica.uniurb.it\/triennale\/wp-json\/wp\/v2\/comments?post=180"}],"version-history":[{"count":269,"href":"https:\/\/informatica.uniurb.it\/triennale\/wp-json\/wp\/v2\/pages\/180\/revisions"}],"predecessor-version":[{"id":19102,"href":"https:\/\/informatica.uniurb.it\/triennale\/wp-json\/wp\/v2\/pages\/180\/revisions\/19102"}],"up":[{"embeddable":true,"href":"https:\/\/informatica.uniurb.it\/triennale\/wp-json\/wp\/v2\/pages\/154"}],"wp:attachment":[{"href":"https:\/\/informatica.uniurb.it\/triennale\/wp-json\/wp\/v2\/media?parent=180"}],"curies":[{"name":"wp","href":"https:\/\/api.w.org\/{rel}","templated":true}]}}