{"id":17702,"date":"2023-11-14T19:07:18","date_gmt":"2023-11-14T18:07:18","guid":{"rendered":"https:\/\/informatica.uniurb.it\/tri\/?page_id=17702"},"modified":"2024-11-13T19:23:21","modified_gmt":"2024-11-13T18:23:21","slug":"prosecuzione-degli-studi","status":"publish","type":"page","link":"https:\/\/informatica.uniurb.it\/triennale\/post-laurea\/prosecuzione-degli-studi\/","title":{"rendered":"Prosecuzione degli studi"},"content":{"rendered":"<p>La Laurea in Informatica &#8211; Scienza e Tecnologia consente l&#8217;accesso alla classe LM-18 delle lauree magistrali in Informatica, in particolare al <a href=\"\/magistrale\/\" target=\"_blank\" rel=\"noopener\">Corso di Laurea Magistrale in Informatica e Innovazione Digitale<\/a> che ha durata biennale ed \u00e8 erogato in modalit\u00e0 mista per venire incontro alle esigenze di chi gi\u00e0 lavora, nonch\u00e9 ai master universitari di primo livello.<\/p>\n<p>A seconda delle scelte operate nel piano degli studi in relazione a <a href=\"\/triennale\/didattica\/curriculum-e-insegnamenti-a-scelta\/\" rel=\"noopener noreferrer\">curriculum e insegnamenti a scelta<\/a>, \u00e8 possibile iscriversi a lauree magistrali di altre classi nel caso siano soddisfatti i relativi requisiti di accesso.<\/p>\n","protected":false},"excerpt":{"rendered":"<p>La Laurea in Informatica &#8211; Scienza e Tecnologia consente l&#8217;accesso alla classe LM-18 delle lauree magistrali in Informatica, in particolare al Corso di Laurea Magistrale in Informatica e Innovazione Digitale che ha durata biennale ed \u00e8 erogato in modalit\u00e0 mista per venire incontro alle esigenze di chi gi\u00e0 lavora, nonch\u00e9 ai master universitari di primo&hellip;<\/p>\n","protected":false},"author":61,"featured_media":0,"parent":309,"menu_order":0,"comment_status":"closed","ping_status":"closed","template":"","meta":{"_acf_changed":false,"footnotes":""},"class_list":["post-17702","page","type-page","status-publish","hentry","entry","no-media"],"acf":[],"_links":{"self":[{"href":"https:\/\/informatica.uniurb.it\/triennale\/wp-json\/wp\/v2\/pages\/17702","targetHints":{"allow":["GET"]}}],"collection":[{"href":"https:\/\/informatica.uniurb.it\/triennale\/wp-json\/wp\/v2\/pages"}],"about":[{"href":"https:\/\/informatica.uniurb.it\/triennale\/wp-json\/wp\/v2\/types\/page"}],"author":[{"embeddable":true,"href":"https:\/\/informatica.uniurb.it\/triennale\/wp-json\/wp\/v2\/users\/61"}],"replies":[{"embeddable":true,"href":"https:\/\/informatica.uniurb.it\/triennale\/wp-json\/wp\/v2\/comments?post=17702"}],"version-history":[{"count":17,"href":"https:\/\/informatica.uniurb.it\/triennale\/wp-json\/wp\/v2\/pages\/17702\/revisions"}],"predecessor-version":[{"id":18669,"href":"https:\/\/informatica.uniurb.it\/triennale\/wp-json\/wp\/v2\/pages\/17702\/revisions\/18669"}],"up":[{"embeddable":true,"href":"https:\/\/informatica.uniurb.it\/triennale\/wp-json\/wp\/v2\/pages\/309"}],"wp:attachment":[{"href":"https:\/\/informatica.uniurb.it\/triennale\/wp-json\/wp\/v2\/media?parent=17702"}],"curies":[{"name":"wp","href":"https:\/\/api.w.org\/{rel}","templated":true}]}}