{"id":177,"date":"2013-04-24T11:01:24","date_gmt":"2013-04-24T09:01:24","guid":{"rendered":"https:\/\/informatica.uniurb.it\/tri\/?page_id=177"},"modified":"2024-11-11T19:52:24","modified_gmt":"2024-11-11T18:52:24","slug":"orientamento-in-itinere","status":"publish","type":"page","link":"https:\/\/informatica.uniurb.it\/triennale\/orientamento\/orientamento-in-itinere\/","title":{"rendered":"Orientamento in itinere"},"content":{"rendered":"<h3><b>Propedeuticit\u00e0 consigliate<\/b><\/h3>\n<p>Uno schema delle propedeuticit\u00e0 consigliate tra gli insegnamenti del Corso di Laurea \u00e8 disponibile <a href=\"https:\/\/informatica.uniurb.it\/triennale\/wp-content\/uploads\/grafo_propedeuticita_L-31.pdf\" target=\"_blank\" rel=\"noopener\">qui<\/a>.<\/p>\n<h3><b>Selezione di curriculum e insegnamenti a scelta<\/b><\/h3>\n<p>Tutte le informazioni relative alla selezione di curriculum e insegnamenti a scelta sono disponibili <a href=\"https:\/\/informatica.uniurb.it\/triennale\/didattica\/curriculum-e-insegnamenti-a-scelta\">qui<\/a>.<\/p>\n<h3><b>Opportunit\u00e0 di mobilit\u00e0 internazionale<\/b><\/h3>\n<p>Tutte le informazioni relative alle destinazioni e ai bandi sono disponibili <a href=\"https:\/\/informatica.uniurb.it\/triennale\/didattica\/mobilita-internazionale\">qui<\/a>.<\/p>\n<h3><b>Possibilit\u00e0 di tirocinio e stage<\/b><\/h3>\n<p>Tutte le informazioni su aziende ed enti convenzionati sono disponibili <a href=\"https:\/\/informatica.uniurb.it\/triennale\/didattica\/seminari-tirocini-e-stage\">qui<\/a>.<\/p>\n","protected":false},"excerpt":{"rendered":"<p>Propedeuticit\u00e0 consigliate Uno schema delle propedeuticit\u00e0 consigliate tra gli insegnamenti del Corso di Laurea \u00e8 disponibile qui. Selezione di curriculum e insegnamenti a scelta Tutte le informazioni relative alla selezione di curriculum e insegnamenti a scelta sono disponibili qui. Opportunit\u00e0 di mobilit\u00e0 internazionale Tutte le informazioni relative alle destinazioni e ai bandi sono disponibili qui.&hellip;<\/p>\n","protected":false},"author":61,"featured_media":0,"parent":154,"menu_order":0,"comment_status":"open","ping_status":"closed","template":"","meta":{"_acf_changed":false,"footnotes":""},"class_list":["post-177","page","type-page","status-publish","hentry","entry","no-media"],"acf":[],"_links":{"self":[{"href":"https:\/\/informatica.uniurb.it\/triennale\/wp-json\/wp\/v2\/pages\/177","targetHints":{"allow":["GET"]}}],"collection":[{"href":"https:\/\/informatica.uniurb.it\/triennale\/wp-json\/wp\/v2\/pages"}],"about":[{"href":"https:\/\/informatica.uniurb.it\/triennale\/wp-json\/wp\/v2\/types\/page"}],"author":[{"embeddable":true,"href":"https:\/\/informatica.uniurb.it\/triennale\/wp-json\/wp\/v2\/users\/61"}],"replies":[{"embeddable":true,"href":"https:\/\/informatica.uniurb.it\/triennale\/wp-json\/wp\/v2\/comments?post=177"}],"version-history":[{"count":45,"href":"https:\/\/informatica.uniurb.it\/triennale\/wp-json\/wp\/v2\/pages\/177\/revisions"}],"predecessor-version":[{"id":18643,"href":"https:\/\/informatica.uniurb.it\/triennale\/wp-json\/wp\/v2\/pages\/177\/revisions\/18643"}],"up":[{"embeddable":true,"href":"https:\/\/informatica.uniurb.it\/triennale\/wp-json\/wp\/v2\/pages\/154"}],"wp:attachment":[{"href":"https:\/\/informatica.uniurb.it\/triennale\/wp-json\/wp\/v2\/media?parent=177"}],"curies":[{"name":"wp","href":"https:\/\/api.w.org\/{rel}","templated":true}]}}