{"id":15873,"date":"2022-01-26T13:15:33","date_gmt":"2022-01-26T12:15:33","guid":{"rendered":"https:\/\/informatica.uniurb.it\/tri\/?page_id=15873"},"modified":"2026-02-25T12:08:49","modified_gmt":"2026-02-25T11:08:49","slug":"docenti-e-orari-di-ricevimento","status":"publish","type":"page","link":"https:\/\/informatica.uniurb.it\/triennale\/informazioni\/docenti-e-orari-di-ricevimento\/","title":{"rendered":"Docenti e orari di ricevimento"},"content":{"rendered":"<div class=\"wpb-content-wrapper\">[vc_row][vc_column css=&#8221;.vc_custom_1759909639176{margin-bottom: 20px !important;}&#8221;][vc_column_text]\n<table class=\"big width-auto\"><!--\n\n\n<thead class=\"dark\">--><\/p>\n<tbody>\n<tr><!-- spazi necessari per rendere le colonne della tabelle simili agli altri siti (&nbsp;) --><\/p>\n<th style=\"text-align: left;\"><b>Docente \u00a0\u00a0\u00a0\u00a0\u00a0\u00a0\u00a0\u00a0\u00a0\u00a0\u00a0\u00a0\u00a0\u00a0\u00a0\u00a0\u00a0\u00a0\u00a0\u00a0\u00a0\u00a0\u00a0\u00a0\u00a0\u00a0\u00a0\u00a0\u00a0\u00a0\u00a0\u00a0\u00a0\u00a0\u00a0\u00a0\u00a0\u00a0\u00a0\u00a0\u00a0\u00a0\u00a0\u00a0\u00a0\u00a0\u00a0\u00a0\u00a0\u00a0\u00a0\u00a0\u00a0\u00a0\u00a0\u00a0\u00a0\u00a0\u00a0\u00a0\u00a0\u00a0\u00a0\u00a0\u00a0\u00a0\u00a0<\/b><\/th>\n<th style=\"text-align: left;\"><b>Orario di ricevimento<\/b><\/th>\n<\/tr>\n<p><!--<\/thead>\n\n\n--><\/tbody>\n<tbody>\n<tr>\n<td><a href=\"https:\/\/www.uniurb.it\/persone\/alessandro-aldini\" target=\"_blank\" rel=\"noopener\">Prof. Alessandro Aldini<\/a><\/td>\n<td>Marted\u00ec 11:00-13:00 oppure su appuntamento.<\/td>\n<\/tr>\n<tr>\n<td><a href=\"https:\/\/www.uniurb.it\/persone\/marco-bernardo\" target=\"_blank\" rel=\"noopener\">Prof. Marco Bernardo<\/a><\/td>\n<td>Mercoled\u00ec 16:00-18:00 oppure su appuntamento.<\/td>\n<\/tr>\n<tr>\n<td><a href=\"https:\/\/www.uniurb.it\/persone\/giovanni-bocciaartieri\" target=\"_blank\" rel=\"noopener\">Prof. Giovanni Boccia Artieri<\/a><\/td>\n<td>Luned\u00ec 11:00-13:00 oppure su appuntamento.<\/td>\n<\/tr>\n<tr>\n<td><a href=\"https:\/\/www.uniurb.it\/persone\/alessandro-bogliolo\" target=\"_blank\" rel=\"noopener\">Prof. Alessandro Bogliolo<\/a><\/td>\n<td>Mercoled\u00ec 12:00-14:00 oppure su appuntamento.<\/td>\n<\/tr>\n<tr>\n<td><a href=\"https:\/\/www.uniurb.it\/persone\/chiara-contoli\" target=\"_blank\" rel=\"noopener\">Ing. Chiara Contoli<\/a><\/td>\n<td>Mercoled\u00ec 11:00-13:00 oppure su appuntamento.<\/td>\n<\/tr>\n<tr>\n<td><a href=\"https:\/\/www.uniurb.it\/persone\/mauro-dedonatis\" target=\"_blank\" rel=\"noopener\">Prof. Mauro De Donatis<\/a><\/td>\n<td>Marted\u00ec 11:00-13:00 oppure su appuntamento.<\/td>\n<\/tr>\n<tr>\n<td><a href=\"https:\/\/www.uniurb.it\/persone\/antonio-dellaselva\" target=\"_blank\" rel=\"noopener\">Ing. Antonio Della Selva<\/a><\/td>\n<td>Su appuntamento.<\/td>\n<\/tr>\n<tr>\n<td><a href=\"https:\/\/www.uniurb.it\/persone\/valerio-freschi\" target=\"_blank\" rel=\"noopener\">Prof. Valerio Freschi<\/a><\/td>\n<td>Marted\u00ec 09:00-11:00 oppure su appuntamento.<\/td>\n<\/tr>\n<tr>\n<td><a href=\"https:\/\/www.uniurb.it\/persone\/fabio-giglietto\" target=\"_blank\" rel=\"noopener\">Prof. Fabio Giglietto<\/a><\/td>\n<td>Luned\u00ec 15:00-17:00 oppure su appuntamento.<\/td>\n<\/tr>\n<tr>\n<td><a href=\"https:\/\/www.uniurb.it\/persone\/emanuele-lattanzi\" target=\"_blank\" rel=\"noopener\">Prof. Emanuele Lattanzi<\/a><\/td>\n<td>Luned\u00ec 16:00-18:00 oppure su appuntamento.<\/td>\n<\/tr>\n<tr>\n<td><a href=\"https:\/\/www.uniurb.it\/persone\/alexander-lloyd\" target=\"_blank\" rel=\"noopener\">Dott. Alexander Whalen Lloyd<\/a><\/td>\n<td>Su appuntamento.<\/td>\n<\/tr>\n<tr>\n<td><a href=\"https:\/\/www.uniurb.it\/persone\/michele-martoni\" target=\"_blank\" rel=\"noopener\">Prof. Michele Martoni<\/a><\/td>\n<td>Su appuntamento.<\/td>\n<\/tr>\n<tr>\n<td><a href=\"https:\/\/www.uniurb.it\/persone\/claudio-mezzina\" target=\"_blank\" rel=\"noopener\">Prof. Claudio Antares Mezzina<\/a><\/td>\n<td>Gioved\u00ec 11:00-13:00 oppure su appuntamento.<\/td>\n<\/tr>\n<tr>\n<td><a href=\"https:\/\/www.uniurb.it\/persone\/sara-montagna\" target=\"_blank\" rel=\"noopener\">Prof.ssa Sara Montagna<\/a><\/td>\n<td>Gioved\u00ec 09:00-11:00 oppure su appuntamento.<\/td>\n<\/tr>\n<tr>\n<td><a href=\"https:\/\/www.uniurb.it\/persone\/sabrina-moretti\" target=\"_blank\" rel=\"noopener\">Prof.ssa Sabrina Moretti<\/a><\/td>\n<td>Luned\u00ec e marted\u00ec 13:00-14:00 oppure su appuntamento.<\/td>\n<\/tr>\n<tr>\n<td><a href=\"https:\/\/www.uniurb.it\/persone\/antonello-pesce\" target=\"_blank\" rel=\"noopener\">Dott. Antonello Pesce<\/a><\/td>\n<td>Mercoled\u00ec e gioved\u00ec 13:00-14:00 oppure su appuntamento.<\/td>\n<\/tr>\n<tr>\n<td><a href=\"https:\/\/www.uniurb.it\/persone\/luca-romanelli\" target=\"_blank\" rel=\"noopener\">Ing. Luca Romanelli<\/a><\/td>\n<td>Gioved\u00ec 13:00-14:00 oppure su appuntamento.<\/td>\n<\/tr>\n<tr>\n<td><a href=\"https:\/\/www.uniurb.it\/persone\/raffaella-servadei\" target=\"_blank\" rel=\"noopener\">Prof.ssa Raffaella Servadei<\/a><\/td>\n<td>Luned\u00ec 16:00-18:00 oppure su appuntamento.<\/td>\n<\/tr>\n<tr>\n<td><a href=\"https:\/\/www.uniurb.it\/persone\/michele-veltri\" target=\"_blank\" rel=\"noopener\">Prof. Michele Veltri<\/a><\/td>\n<td>Venerd\u00ec 11:00-13:00 oppure su appuntamento.<\/td>\n<\/tr>\n<tr>\n<td><a href=\"https:\/\/www.uniurb.it\/persone\/andrea-vicere\" target=\"_blank\" rel=\"noopener\">Prof. Andrea Vicer\u00e9<\/a><\/td>\n<td>Gioved\u00ec 16:00-18:00 oppure su appuntamento.<\/td>\n<\/tr>\n<tr>\n<td><a href=\"https:\/\/www.uniurb.it\/persone\/alexander-viguerie\" target=\"_blank\" rel=\"noopener\">Dott. Alexander Fuller Viguerie<\/a><\/td>\n<td>Luned\u00ec 16:30-18:30 oppure su appuntamento.<\/td>\n<\/tr>\n<\/tbody>\n<\/table>\n<p>Gli orari di ricevimento sono in vigore durante i due semestri di lezione e le tre sessioni d&#8217;esame.<br \/>\nIl ricevimento pu\u00f2 avere luogo anche in modalit\u00e0 telematica.<br \/>\nSi consiglia di richiedere preventivamente un appuntamento anche per gli orari indicati.[\/vc_column_text][\/vc_column][\/vc_row]\n<\/div>","protected":false},"excerpt":{"rendered":"<p>[vc_row][vc_column css=&#8221;.vc_custom_1759909639176{margin-bottom: 20px !important;}&#8221;][vc_column_text] Docente \u00a0\u00a0\u00a0\u00a0\u00a0\u00a0\u00a0\u00a0\u00a0\u00a0\u00a0\u00a0\u00a0\u00a0\u00a0\u00a0\u00a0\u00a0\u00a0\u00a0\u00a0\u00a0\u00a0\u00a0\u00a0\u00a0\u00a0\u00a0\u00a0\u00a0\u00a0\u00a0\u00a0\u00a0\u00a0\u00a0\u00a0\u00a0\u00a0\u00a0\u00a0\u00a0\u00a0\u00a0\u00a0\u00a0\u00a0\u00a0\u00a0\u00a0\u00a0\u00a0\u00a0\u00a0\u00a0\u00a0\u00a0\u00a0\u00a0\u00a0\u00a0\u00a0\u00a0\u00a0\u00a0\u00a0\u00a0 Orario di ricevimento Prof. Alessandro Aldini Marted\u00ec 11:00-13:00 oppure su appuntamento. Prof. Marco Bernardo Mercoled\u00ec 16:00-18:00 oppure su appuntamento. Prof. Giovanni Boccia Artieri Luned\u00ec 11:00-13:00 oppure su appuntamento. Prof. Alessandro Bogliolo Mercoled\u00ec 12:00-14:00 oppure su appuntamento. Ing. Chiara Contoli Mercoled\u00ec 11:00-13:00 oppure su appuntamento. Prof. Mauro De Donatis Marted\u00ec&hellip;<\/p>\n","protected":false},"author":49,"featured_media":0,"parent":152,"menu_order":0,"comment_status":"closed","ping_status":"closed","template":"","meta":{"_acf_changed":false,"footnotes":""},"class_list":["post-15873","page","type-page","status-publish","hentry","entry","no-media"],"acf":[],"_links":{"self":[{"href":"https:\/\/informatica.uniurb.it\/triennale\/wp-json\/wp\/v2\/pages\/15873","targetHints":{"allow":["GET"]}}],"collection":[{"href":"https:\/\/informatica.uniurb.it\/triennale\/wp-json\/wp\/v2\/pages"}],"about":[{"href":"https:\/\/informatica.uniurb.it\/triennale\/wp-json\/wp\/v2\/types\/page"}],"author":[{"embeddable":true,"href":"https:\/\/informatica.uniurb.it\/triennale\/wp-json\/wp\/v2\/users\/49"}],"replies":[{"embeddable":true,"href":"https:\/\/informatica.uniurb.it\/triennale\/wp-json\/wp\/v2\/comments?post=15873"}],"version-history":[{"count":94,"href":"https:\/\/informatica.uniurb.it\/triennale\/wp-json\/wp\/v2\/pages\/15873\/revisions"}],"predecessor-version":[{"id":19082,"href":"https:\/\/informatica.uniurb.it\/triennale\/wp-json\/wp\/v2\/pages\/15873\/revisions\/19082"}],"up":[{"embeddable":true,"href":"https:\/\/informatica.uniurb.it\/triennale\/wp-json\/wp\/v2\/pages\/152"}],"wp:attachment":[{"href":"https:\/\/informatica.uniurb.it\/triennale\/wp-json\/wp\/v2\/media?parent=15873"}],"curies":[{"name":"wp","href":"https:\/\/api.w.org\/{rel}","templated":true}]}}