{"id":12056,"date":"2018-06-04T15:28:40","date_gmt":"2018-06-04T13:28:40","guid":{"rendered":"https:\/\/informatica.uniurb.it\/tri\/?page_id=12056"},"modified":"2025-07-23T11:55:05","modified_gmt":"2025-07-23T09:55:05","slug":"piano-degli-studi","status":"publish","type":"page","link":"https:\/\/informatica.uniurb.it\/triennale\/didattica\/piano-degli-studi\/","title":{"rendered":"Piano degli Studi"},"content":{"rendered":"<h3><b>Attivit\u00e0 formative e curricula<\/b><\/h3>\n<p>L&#8217;informatica \u00e8 la disciplina che studia il trattamento automatico delle informazioni in tutti i suoi aspetti: scientifici, metodologici e tecnologici.<\/p>\n<p>Il piano degli studi del Corso di Laurea si estende su 3 anni e prevede l&#8217;insegnamento delle conoscenze fondamentali dell&#8217;informatica in materia di tecniche di programmazione, algoritmi, ingegneria e verifica del software, architettura degli elaboratori e reti, sistemi operativi e basi di dati, nonch\u00e9 l&#8217;insegnamento di linguaggi di programmazione appartenenti a diversi paradigmi: procedurale (<strong>C<\/strong>),\u00a0a oggetti (<strong>C#<\/strong>,\u00a0<strong>Java<\/strong>, <strong>Python<\/strong>), funzionale (<strong>Haskell<\/strong>), logico (<strong>Prolog<\/strong>), di interrogazione (<strong>SQL<\/strong>) e di modellazione (<strong>UML<\/strong>). Ogni insegnamento di area informatica si compone di una parte teorica in aula e di una parte pratica in un laboratorio dotato di personal computer coi sistemi operativi Linux e Windows.<\/p>\n<p>Il percorso formativo prevede altres\u00ec l&#8217;acquisizione di conoscenze di base di matematica, logica, statistica, fisica e <a href=\"\/triennale\/didattica\/lingua-inglese\/\">lingua inglese<\/a> di livello B1 oltre a <a href=\"\/triennale\/didattica\/curriculum-e-insegnamenti-a-scelta\/\">insegnamenti a scelta<\/a>, nonch\u00e9 lo svolgimento di <a href=\"\/triennale\/didattica\/seminari-tirocini-e-stage\/\">stage presso aziende ed enti convenzionati e tirocini interni all&#8217;Ateneo<\/a>\u00a0e la partecipazione a\u00a0<a title=\"Seminari, Tirocini e Stage\" href=\"\/triennale\/didattica\/seminari-tirocini-e-stage\/\">seminari<\/a>. Il piano degli studi si articola in <a href=\"\/triennale\/didattica\/curriculum-e-insegnamenti-a-scelta\/\">4 curricula<\/a>, tra cui scegliere al secondo anno in fase di compilazione del piano degli studi online, che si differenziano per 3 insegnamenti al secondo e terzo anno per 18 crediti complessivi. Il percorso formativo si conclude con una <a href=\"\/triennale\/didattica\/prova-finale\/\">prova finale<\/a>.<\/p>\n<p>L\u2019organizzazione degli insegnamenti di informatica del primo anno prescinde dal percorso scolastico di provenienza come pure da eventuali precedenti esperienze lavorative in ambito informatico, in maniera tale da non sfavorire coloro che si accostano per la prima volta all\u2019informatica. Sebbene consigliata, la frequenza alle lezioni e alle esercitazioni guidate di laboratorio non \u00e8 obbligatoria, in quanto spesso coloro che sono iscritti a corsi di studio universitari in informatica svolgono un\u2019attivit\u00e0 lavorativa a tempo pieno o parziale nel settore stesso. Proprio per venire incontro alle esigenze di chi gi\u00e0 lavora, \u00e8 stata messa a punto una variante a tempo parziale, la quale si estende su 6 anni, del piano degli studi a tempo pieno.<\/p>\n<h3><b>Crediti formativi universitari e attivit\u00e0 pregresse<\/b><\/h3>\n<p>Per conseguire la laurea bisogna totalizzare almeno 180 crediti tra varie tipologie di attivit\u00e0 formative. Il sistema dei crediti formativi universitari (CFU) prevede che a ogni credito corrispondano in media 25 ore di lavoro comprensive di ore di lezione, esercitazione, seminario, tirocinio, stage e laboratorio, come pure di ore di studio e impegno personale. Il Regolamento Didattico del Corso di Laurea stabilisce che un credito equivale a 8 ore di lezioni teoriche e di esercitazioni guidate e di seminari, oppure a 25 ore di tirocini e stage.<\/p>\n<p>I crediti possono anche essere acquisiti a seguito di attivit\u00e0 formative precedentemente svolte, purch\u00e9 tali attivit\u00e0 siano coerenti con gli obiettivi formativi del Corso di Laurea e rientrino nel piano degli studi sotto specificato. Al fine di ottenere il riconoscimento dei suddetti crediti, \u00e8 necessario allegare all&#8217;apposita <a href=\"https:\/\/www.uniurb.it\/it\/cdocs\/CWEB\/3124-CWEB-15072015145622-cweb.pdf\">domanda<\/a> la documentazione comprendente il programma delle attivit\u00e0 formative e l&#8217;attestato di frequenza o l&#8217;esito delle relative prove d&#8217;esame (non verranno accettate autocertificazioni).<\/p>\n<h3><b>Piano degli studi a tempo pieno<\/b><\/h3>\n<p><a href=\"https:\/\/informatica.uniurb.it\/triennale\/wp-content\/uploads\/page\/piano-degli-studi\/4.4.b-Piano-studi-L-31.pdf\" target=\"_blank\" rel=\"noopener\">Piano per chi si iscrive nell&#8217;a.a. 2025\/2026<\/a>.<br \/>\nLe propedeuticit\u00e0 consigliate sono <a href=\"https:\/\/informatica.uniurb.it\/triennale\/wp-content\/uploads\/grafo_propedeuticita_L-31.pdf\" target=\"_blank\" rel=\"noopener\">queste<\/a>.<br \/>\nLe schede degli insegnamenti sono reperibili <a href=\"https:\/\/www.uniurb.it\/corsi\/1757260\/insegnamenti-e-programmi\" target=\"_blank\" rel=\"noopener\">qui<\/a>.<\/p>\n<h3><b>Piano degli studi a tempo parziale<\/b><\/h3>\n<p><a href=\"https:\/\/informatica.uniurb.it\/triennale\/wp-content\/uploads\/page\/piano-degli-studi\/4.4.c-Piano-studi-t.p.-L-31.pdf\" target=\"_blank\" rel=\"noopener\">Piano per chi si iscrive nell&#8217;a.a. 2025\/2026<\/a>.<br \/>\nLe propedeuticit\u00e0 consigliate sono <a href=\"https:\/\/informatica.uniurb.it\/triennale\/wp-content\/uploads\/grafo_propedeuticita_L-31.pdf\" target=\"_blank\" rel=\"noopener\">queste<\/a>.<br \/>\nLe schede degli insegnamenti sono reperibili <a href=\"https:\/\/www.uniurb.it\/corsi\/1757260\/insegnamenti-e-programmi\" target=\"_blank\" rel=\"noopener\">qui<\/a>.<\/p>\n<h3><b>Piani degli studi di anni accademici precedenti<\/b><\/h3>\n<p><a href=\"https:\/\/informatica.uniurb.it\/triennale\/wp-content\/uploads\/page\/piano-degli-studi\/4.1.b-Piano-studi-L-31-24-25-t_pieno.pdf\" target=\"_blank\" rel=\"noopener\">Piano a.a. 2024\/2025<\/a><br \/>\n<a href=\"https:\/\/informatica.uniurb.it\/triennale\/wp-content\/uploads\/page\/piano-degli-studi\/2-Piano-degli-studi-L-31-23-24.pdf\" target=\"_blank\" rel=\"noopener\">Piano a.a. 2023\/2024<\/a>.<br \/>\n<a href=\"https:\/\/informatica.uniurb.it\/triennale\/wp-content\/uploads\/page\/piano_studi\/4.1a-Piano-degli-studi-L-31-22-23.pdf\" target=\"_blank\" rel=\"noopener\">Piano a.a. 2022\/2023<\/a>.<br \/>\n<a href=\"https:\/\/informatica.uniurb.it\/triennale\/wp-content\/uploads\/page\/piano_studi\/scheda-corso-pdf_2021.pdf\" target=\"_blank\" rel=\"noopener\">Piano a.a. 2021\/2022<\/a>.<br \/>\n<a href=\"https:\/\/informatica.uniurb.it\/triennale\/wp-content\/uploads\/page\/piano-degli-studi\/scheda-corso-pdf_2020.pdf\" target=\"_blank\" rel=\"noopener\">Piano a.a. 2020\/2021<\/a>.<br \/>\n<a href=\"https:\/\/informatica.uniurb.it\/triennale\/wp-content\/uploads\/page\/piano-degli-studi\/scheda-corso-pdf_2019.pdf\" target=\"_blank\" rel=\"noopener\">Piano a.a. 2019\/2020<\/a>.<br \/>\n<a href=\"https:\/\/informatica.uniurb.it\/triennale\/wp-content\/uploads\/scheda-corso-pdf_2018.pdf\" target=\"_blank\" rel=\"noopener noreferrer\">Piano a.a. 2018\/2019<\/a>.<br \/>\n<a href=\"https:\/\/informatica.uniurb.it\/triennale\/wp-content\/uploads\/scheda-corso-pdf_2017.pdf\" target=\"_blank\" rel=\"noopener noreferrer\">Piano a.a. 2017\/2018<\/a>.<br \/>\n<a href=\"https:\/\/informatica.uniurb.it\/triennale\/wp-content\/uploads\/scheda-corso-pdf_2016.pdf\" target=\"_blank\" rel=\"noopener noreferrer\">Piano a.a. 2016\/2017<\/a>.<br \/>\n<a href=\"https:\/\/informatica.uniurb.it\/triennale\/wp-content\/uploads\/scheda-corso-pdf_2015.pdf\" target=\"_blank\" rel=\"noopener noreferrer\">Piano a.a. 2015\/2016<\/a>.<br \/>\n<a href=\"https:\/\/informatica.uniurb.it\/triennale\/wp-content\/uploads\/scheda-corso-pdf_2014.pdf\" target=\"_blank\" rel=\"noopener noreferrer\">Piano a.a. 2014\/2015<\/a>.<br \/>\n<a href=\"https:\/\/informatica.uniurb.it\/triennale\/wp-content\/uploads\/scheda-corso-pdf_2013.pdf\" target=\"_blank\" rel=\"noopener noreferrer\">Piano a.a. 2013\/2014<\/a>.<\/p>\n","protected":false},"excerpt":{"rendered":"<p>Attivit\u00e0 formative e curricula L&#8217;informatica \u00e8 la disciplina che studia il trattamento automatico delle informazioni in tutti i suoi aspetti: scientifici, metodologici e tecnologici. Il piano degli studi del Corso di Laurea si estende su 3 anni e prevede l&#8217;insegnamento delle conoscenze fondamentali dell&#8217;informatica in materia di tecniche di programmazione, algoritmi, ingegneria e verifica del&hellip;<\/p>\n","protected":false},"author":49,"featured_media":0,"parent":156,"menu_order":0,"comment_status":"closed","ping_status":"closed","template":"","meta":{"_acf_changed":false,"footnotes":""},"class_list":["post-12056","page","type-page","status-publish","hentry","entry","no-media"],"acf":[],"_links":{"self":[{"href":"https:\/\/informatica.uniurb.it\/triennale\/wp-json\/wp\/v2\/pages\/12056","targetHints":{"allow":["GET"]}}],"collection":[{"href":"https:\/\/informatica.uniurb.it\/triennale\/wp-json\/wp\/v2\/pages"}],"about":[{"href":"https:\/\/informatica.uniurb.it\/triennale\/wp-json\/wp\/v2\/types\/page"}],"author":[{"embeddable":true,"href":"https:\/\/informatica.uniurb.it\/triennale\/wp-json\/wp\/v2\/users\/49"}],"replies":[{"embeddable":true,"href":"https:\/\/informatica.uniurb.it\/triennale\/wp-json\/wp\/v2\/comments?post=12056"}],"version-history":[{"count":91,"href":"https:\/\/informatica.uniurb.it\/triennale\/wp-json\/wp\/v2\/pages\/12056\/revisions"}],"predecessor-version":[{"id":18817,"href":"https:\/\/informatica.uniurb.it\/triennale\/wp-json\/wp\/v2\/pages\/12056\/revisions\/18817"}],"up":[{"embeddable":true,"href":"https:\/\/informatica.uniurb.it\/triennale\/wp-json\/wp\/v2\/pages\/156"}],"wp:attachment":[{"href":"https:\/\/informatica.uniurb.it\/triennale\/wp-json\/wp\/v2\/media?parent=12056"}],"curies":[{"name":"wp","href":"https:\/\/api.w.org\/{rel}","templated":true}]}}