{"id":1057,"date":"2013-05-27T13:13:12","date_gmt":"2013-05-27T11:13:12","guid":{"rendered":"https:\/\/informatica.uniurb.it\/triennale\/?page_id=1057"},"modified":"2024-11-14T09:31:49","modified_gmt":"2024-11-14T08:31:49","slug":"curriculum-e-insegnamenti-a-scelta","status":"publish","type":"page","link":"https:\/\/informatica.uniurb.it\/triennale\/didattica\/curriculum-e-insegnamenti-a-scelta\/","title":{"rendered":"Curriculum e insegnamenti a scelta"},"content":{"rendered":"<h3><b>Introduzione<\/b><\/h3>\n<p>La selezione del curriculum e degli insegnamenti a scelta deve essere effettuata <strong>al secondo anno tra il 1\u00b0 ottobre e il 31 marzo<\/strong>\u00a0mediante la <a href=\"https:\/\/informatica.uniurb.it\/triennale\/wp-content\/uploads\/GuidaPianidiStudioOnLineUniurb_2016.pdf\" target=\"_blank\" rel=\"noopener noreferrer\">compilazione del piano degli studi online<\/a>. Qualunque siano il curriculum e gli insegnamenti selezionati, il titolo che si consegue \u00e8 la Laurea in Informatica &#8211; Scienza e Tecnologia.<\/p>\n<h3><b>Scelta del curriculum<\/b><\/h3>\n<p>Il Corso di Laurea offre 4 curricula interdisciplinari, ognuno da <b>18 CFU<\/b> articolati in 3 insegnamenti di cui uno al secondo anno e due al terzo, che rispondono a esigenze specifiche del mondo del lavoro:<\/p>\n<ul>\n<li><b>Curriculum Segnali, Simulazione e Quantum Computing<\/b>: Questo curriculum \u00e8 particolarmente consigliato a chi intende conseguire una specializzazione che offra una preparazione ad ampio spettro nel campo delle scienze e tecnologie dell&#8217;informazione, per acquisire competenze immediatamente spendibili in campo lavorativo o per proseguire gli studi nell&#8217;ambito dell&#8217;informatica o dell&#8217;ingegneria dell&#8217;informazione.<\/li>\n<li><b>Curriculum Piattaforme Digitali per il Monitoraggio del Territorio:<\/b> Questo curriculum fornisce le competenze interdisciplinari necessarie ad applicare le scienze e tecnologie informatiche alla gestione del territorio, soddisfacendo le esigenze del mondo del lavoro in ambito smart city, smart land e digital land management.<\/li>\n<li><b>Curriculum Economia e Diritto dell\u2019Informatica:<\/b> Questo curriculum \u00e8 stato istituito in collaborazione con la Scuola di Economia e la Scuola di Giurisprudenza al fine di offrire le competenze interdisciplinari necessarie a comprendere e valorizzare il ruolo dell&#8217;ICT nel mondo produttivo.<\/li>\n<li><b>Curriculum Comunicazione e Media Digitali:<\/b> Questo curriculum \u00e8 stato istituito in collaborazione con la Scuola di Scienze della Comunicazione al fine di offrire le competenze interdisciplinari necessarie a comprendere e valorizzare le implicazioni tra ICT, mezzi di comunicazione e reti sociali.<\/li>\n<\/ul>\n<h3><b>Insegnamenti a scelta<\/b><\/h3>\n<p>Oltre alla scelta del curriculum, \u00e8 necessario selezionare insegnamenti a scelta per <b>12 CFU<\/b>; la scelta deve essere confermata (o modificata) all&#8217;inizio di ogni anno accademico. La scelta \u00e8 completamente libera nell&#8217;ambito dell&#8217;offerta formativa dell&#8217;Ateneo, ad esclusione di insegnamenti di informatica, matematica e fisica attivi presso altri corsi di laurea. Nel caso di insegnamenti facenti capo ad altre strutture didattiche dell&#8217;Ateneo, chi li sceglie deve reperire le informazioni su modalit\u00e0 di ammissione, modalit\u00e0 didattiche, modalit\u00e0 di accertamento, orario lezioni e calendario esami presso le strutture di riferimento.<\/p>\n<p>Si consiglia di scegliere insegnamenti dei tre curricula diversi da quello selezionato. Un&#8217;altra possibilit\u00e0 \u00e8 quella di considerare gli insegnamenti opzionali di Pensiero Computazionale in Classe (6 CFU, secondo semestre) e di Umano Digitale (6 CFU, primo semestre) offerti dal Corso di Laurea ed erogati in modalit\u00e0 MOOC (Massive Open Online Course) tramite <a href=\"https:\/\/mooc.uniurb.it\/moodle\/\" target=\"_blank\" rel=\"noopener\">piattaforma MOOC<\/a>.<\/p>\n<p>In caso di carriera pregressa presso altri atenei, \u00e8 possibile ottenere il riconoscimento totale o parziale dei crediti previsti per gli insegnamenti a scelta previa presentazione dell&#8217;apposita <a href=\"http:\/\/www.uniurb.it\/it\/cdocs\/CWEB\/3124-CWEB-15072015145622-cweb.pdf\">domanda<\/a> e della relativa documentazione presso la <a href=\"https:\/\/www.uniurb.it\/studiaconnoi\/studenti\/iscrizione-e-trasferimenti\/segreterie-studenti\" target=\"_blank\" rel=\"noopener\">Segreteria Studenti<\/a>\u00a0all&#8217;atto dell&#8217;iscrizione e comunque non oltre il\u00a020\u00a0dicembre.<\/p>\n","protected":false},"excerpt":{"rendered":"<p>Introduzione La selezione del curriculum e degli insegnamenti a scelta deve essere effettuata al secondo anno tra il 1\u00b0 ottobre e il 31 marzo\u00a0mediante la compilazione del piano degli studi online. Qualunque siano il curriculum e gli insegnamenti selezionati, il titolo che si consegue \u00e8 la Laurea in Informatica &#8211; Scienza e Tecnologia. Scelta del&hellip;<\/p>\n","protected":false},"author":49,"featured_media":0,"parent":156,"menu_order":0,"comment_status":"open","ping_status":"closed","template":"","meta":{"_acf_changed":false,"footnotes":""},"class_list":["post-1057","page","type-page","status-publish","hentry","entry","no-media"],"acf":[],"_links":{"self":[{"href":"https:\/\/informatica.uniurb.it\/triennale\/wp-json\/wp\/v2\/pages\/1057","targetHints":{"allow":["GET"]}}],"collection":[{"href":"https:\/\/informatica.uniurb.it\/triennale\/wp-json\/wp\/v2\/pages"}],"about":[{"href":"https:\/\/informatica.uniurb.it\/triennale\/wp-json\/wp\/v2\/types\/page"}],"author":[{"embeddable":true,"href":"https:\/\/informatica.uniurb.it\/triennale\/wp-json\/wp\/v2\/users\/49"}],"replies":[{"embeddable":true,"href":"https:\/\/informatica.uniurb.it\/triennale\/wp-json\/wp\/v2\/comments?post=1057"}],"version-history":[{"count":74,"href":"https:\/\/informatica.uniurb.it\/triennale\/wp-json\/wp\/v2\/pages\/1057\/revisions"}],"predecessor-version":[{"id":18671,"href":"https:\/\/informatica.uniurb.it\/triennale\/wp-json\/wp\/v2\/pages\/1057\/revisions\/18671"}],"up":[{"embeddable":true,"href":"https:\/\/informatica.uniurb.it\/triennale\/wp-json\/wp\/v2\/pages\/156"}],"wp:attachment":[{"href":"https:\/\/informatica.uniurb.it\/triennale\/wp-json\/wp\/v2\/media?parent=1057"}],"curies":[{"name":"wp","href":"https:\/\/api.w.org\/{rel}","templated":true}]}}