{"id":659,"date":"2022-04-28T15:20:48","date_gmt":"2022-04-28T13:20:48","guid":{"rendered":"https:\/\/informatica.uniurb.it\/magistrale\/?page_id=659"},"modified":"2026-03-13T16:23:38","modified_gmt":"2026-03-13T15:23:38","slug":"prova-finale","status":"publish","type":"page","link":"https:\/\/informatica.uniurb.it\/magistrale\/didattica\/prova-finale\/","title":{"rendered":"Prova finale"},"content":{"rendered":"<div class=\"wpb-content-wrapper\">[vc_row][vc_column css=&#8221;.vc_custom_1759911763387{margin-bottom: 35px !important;}&#8221;][vc_column_text]\n<h3><b>Introduzione<\/b><\/h3>\n<p>La prova finale del Corso di Laurea Magistrale vale <b>18 CFU<\/b> e riguarda la predisposizione di un elaborato scritto, redatto eventualmente in lingua inglese, su un argomento di area informatica o affine concordato insieme a chi \u00e8 titolare di un insegnamento nei corsi di laurea della Scuola di Scienze, Tecnologia e Filosofia dell&#8217;Informazione, che assume il ruolo di Relatore\/Relatrice e pu\u00f2 coinvolgere ulteriori figure esperte dell&#8217;argomento, anche esterne all&#8217;Ateneo, ciascuna delle quali assume il ruolo di Correlatore\/Correlatrice.<\/p>\n<p>La prova finale, da concordare non prima di aver acquisito almeno 60 CFU, deve avere per oggetto un&#8217;attivit\u00e0 di sviluppo o di ricerca, teorica o applicata, con caratteristiche di originalit\u00e0 o innovazione. Alla formazione dell&#8217;elaborato pu\u00f2 concorrere pure l&#8217;attivit\u00e0 di <a href=\"https:\/\/informatica.uniurb.it\/magistrale\/didattica\/tirocinio\">tirocinio o stage<\/a> previo accordo con la struttura dell&#8217;Ateneo oppure l&#8217;azienda o ente convenzionato, anche durante il soggiorno Erasmus studio o traineeship.<\/p>\n<h3><strong>Adempimenti formali<\/strong><\/h3>\n<p>Entro <b>30 giorni lavorativi<\/b> dalla data fissata per l\u2019appello di laurea, si dovr\u00e0 compilare la domanda di conseguimento titolo nella propria area riservata su <a href=\"https:\/\/uniurb.esse3.cineca.it\/Home.do\" target=\"_blank\" rel=\"noopener noreferrer\">Esse3<\/a>. Prima di poter procedere con il processo di conseguimento titolo, sar\u00e0 necessario registrarsi su <a href=\"https:\/\/www3.almalaurea.it\/cgi-bin\/lau\/registrazione\/index_atenei.pm?LANG=it\" target=\"_blank\" rel=\"noopener noreferrer\">AlmaLaurea<\/a>, compilare il questionario e scaricare la ricevuta di compilazione. In Esse3 \u00e8 obbligatorio spuntare la richiesta di spedizione della pergamena: si tratta di un documento ufficiale che non \u00e8 possibile ottenere diversamente. Al termine della procedura, sar\u00e0 possibile scaricare i due MAV per il pagamento dell\u2019imposta di bollo da 16 euro ciascuno; la scadenza per il pagamento \u00e8 fissata <strong>25 giorni lavorativi<\/strong> prima dell\u2019appello.<\/p>\n<p>Tutti gli esami previsti dal piano degli studi devono essere obbligatoriamente sostenuti entro la data fissata per la consegna della tesi. Il termine ultimo per consegnare le pratiche necessarie al riconoscimento dei crediti formativi per l&#8217;attivit\u00e0 di <a href=\"https:\/\/informatica.uniurb.it\/magistrale\/didattica\/seminari-tirocini-e-stage\">tirocinio o stage<\/a> \u00e8 fissato una settimana prima della scadenza per la consegna della tesi.<\/p>\n<p>Entro <strong>15 giorni lavorativi<\/strong> dalla data stabilita per l\u2019appello di laurea, all\u2019interno della propria area riservata su <a href=\"https:\/\/uniurb.esse3.cineca.it\/Home.do\" target=\"_blank\" rel=\"noopener noreferrer\">Esse3<\/a> \u00e8 necessario infine terminare il processo di completamento tesi caricando la versione definitiva della tesi impaginata solo fronte e in formato pdf non protetto da cui sia fattibile il copia-incolla del testo (una volta caricato, il file non potr\u00e0 pi\u00f9 essere modificato, quindi \u00e8 importante che la versione caricata sia quella definitiva). Lo stesso file dovr\u00e0 essere inviato anche a <a href=\"mailto:cdl.informatica@uniurb.it\">cdl.informatica@uniurb.it<\/a> unitamente al proprio numero di matricola e a un proprio indirizzo e-mail non appartenente al dominio @campus.uniurb.it. A questo punto il Relatore o la Relatrice dovr\u00e0 approvare l\u2019allegato e la tesi, dopodich\u00e9 Esse3 invier\u00e0 una e-mail di conferma dell\u2019avvenuta approvazione.<\/p>\n<p><strong><span style=\"color: #0000ff;\">Un utile riepilogo delle scadenze da rispettare e dei principali adempimenti legati al conseguimento titolo \u00e8 <a style=\"color: #0000ff;\" href=\"https:\/\/informatica.uniurb.it\/magistrale\/wp-content\/uploads\/2024\/07\/Tempistiche-e-adempimenti-tesi-LM.pdf\" target=\"_blank\" rel=\"noopener\">disponibile qui<\/a>.<\/span><\/strong><\/p>\n<p>La <a href=\"https:\/\/www.uniurb.it\/studiaconnoi\/studenti\/laurearsi\" target=\"_blank\" rel=\"noopener noreferrer\">Guida al Conseguimento Titolo Online<\/a> fornisce informazioni dettagliate in merito all&#8217;intera procedura.<\/p>\n<h3><b>Come organizzare la tesi<\/b><\/h3>\n<p>La tesi deve essere organizzata in capitoli e deve riportare alla sua fine l\u2019indicazione di tutte le fonti bibliografiche dalle quali si sono attinte informazioni. Di norma il primo capitolo della tesi introduce il contesto nel quale si colloca il lavoro, il problema affrontato in quel contesto, l\u2019idea che sta alla base della soluzione proposta e infine l\u2019indicazione di come \u00e8 strutturato il resto della tesi. Analogamente, l\u2019ultimo capitolo della tesi di norma riepiloga il lavoro svolto e fornisce prospettive di possibili sviluppi futuri. Il numero di pagine consigliato \u00e8 compreso tra 50 e 100, escluso il software eventualmente sviluppato il quale pu\u00f2 essere messo in appendice.<\/p>\n<p>Il frontespizio della tesi deve riportare l\u2019indicazione dell\u2019Universit\u00e0, del Dipartimento e del Corso di Laurea, seguita dal titolo della tesi, dal nominativo dello studente\/della studentessa e dal nominativo del Relatore\/della Relatrice e di eventuali Correlatori\/Correlatrici, nonch\u00e9 a pie\u2019 pagina dall\u2019indicazione dell\u2019anno accademico di riferimento. La qualifica da riportare nel frontespizio della tesi per docenti di ruolo o a contratto che fungano da Relatori\/Relatrici o Correlatori\/Correlatrici \u00e8 \u201cChiar.mo Prof.\u201d\/\u201cChiar.ma Prof.ssa\u201d, mentre per coloro che non siano docenti universitari va usata la qualifica personale (\u201cDott.\u201d\/\u201cDott.ssa\u201d, \u201cIng.\u201d, \u201cArch.\u201d, \u201cAvv.\u201d, ecc.). Nel caso in cui la tesi venga consegnata nella sessione straordinaria, l\u2019anno accademico da indicare nel frontespizio \u00e8 l\u2019ultimo anno accademico conclusosi.<\/p>\n<h3><b>Come scrivere la tesi<\/b><\/h3>\n<p>Per scrivere la tesi \u00e8 obbligatorio l&#8217;uso di <a href=\"https:\/\/informatica.uniurb.it\/triennale\/wp-content\/uploads\/page\/prova_finale\/it_latex_user_guide.pdf\" target=\"_blank\" rel=\"noopener\">LaTeX 2e<\/a>. LaTeX \u00e8 un sistema per la produzione di documenti, il cui manuale di riferimento \u00e8 la seconda edizione del libro di Leslie Lamport intitolato &#8220;LaTeX: A Document Preparation System&#8221; pubblicato da Addison-Wesley nel 1994, che segue la stessa logica dei linguaggi di programmazione. Di conseguenza, il primo passo da compiere nella stesura della tesi \u00e8 quello di preparare alcuni sorgenti LaTeX (per i vari capitoli, le eventuali appendici e la bibliografia), che dovranno poi essere compilati con pdflatex per produrre la tesi in formato pdf (visualizzabile attraverso Acrobat Reader ad esempio).<\/p>\n<p>Ecco alcuni <a href=\"https:\/\/informatica.uniurb.it\/magistrale\/wp-content\/uploads\/2023\/12\/files_tesi_magistrale.zip\">esempi di sorgenti LaTeX<\/a>\u00a0per preparare la tesi secondo lo stile ia_urb_thesis.sty e con il logo dell&#8217;Ateneo nel frontespizio. In particolare, i commenti presenti all&#8217;inizio del file di stile forniscono indicazioni utili su come adoperare lo stile stesso, mentre il makefile illustra i comandi da impartire per effettuare la compilazione dei sorgenti e la visualizzazione dei corrispondenti documenti postscript o pdf.<\/p>\n<p>Sotto Linux si consiglia di installare i pacchetti della distribuzione <a href=\"https:\/\/www.tug.org\/texlive\/\" target=\"_blank\" rel=\"noopener noreferrer\">TexLive<\/a> (con il comando &#8220;<tt>sudo apt-get install texlive-full<\/tt>&#8220;). Per la scrittura dei sorgenti esistono editor quali gvim ed emacs che evidenziano la sintassi dei sorgenti LaTeX, per la cui compilazione conviene impostare un apposito makefile. In alternativa, si pu\u00f2 installare l&#8217;ambiente di sviluppo integrato <a href=\"https:\/\/www.xm1math.net\/texmaker\/\" target=\"_blank\" rel=\"noopener noreferrer\">TexMaker<\/a> (con il comando &#8220;<tt>sudo apt-get install texmaker<\/tt>&#8220;).<\/p>\n<p>Sotto Windows si pu\u00f2 utilizzare l&#8217;ambiente di sviluppo integrato freeware <a href=\"https:\/\/texstudio.sourceforge.net\/\" target=\"_blank\" rel=\"noopener noreferrer\">TeXstudio<\/a> oppure <a href=\"https:\/\/www.texniccenter.org\/\" target=\"_blank\" rel=\"noopener noreferrer\">TeXnicCenter<\/a>. A tale scopo, si consiglia di installare (in quest&#8217;ordine) il compilatore\u00a0<a href=\"https:\/\/miktex.org\/\" target=\"_blank\" rel=\"noopener noreferrer\">miktex<\/a>, l&#8217;interprete del linguaggio postscript\u00a0<a href=\"https:\/\/www.ghostscript.com\/\" target=\"_blank\" rel=\"noopener noreferrer\">ghostscript<\/a>, l&#8217;applicazione\u00a0<a href=\"https:\/\/pages.cs.wisc.edu\/~ghost\/gsview\/index.htm\" target=\"_blank\" rel=\"noopener noreferrer\">ghostview<\/a>\u00a0e infine l&#8217;ambiente\u00a0TeXstudio oppure TeXnicCenter.<\/p>\n<p>Per garantire la fattibilit\u00e0 del copia-incolla dal file pdf definitivo, si consiglia di utilizzare la sequenza di comandi di compilazione\u00a0<tt>latex --&gt; dvips --&gt; ps2pdf<\/tt>\u00a0oppure\u00a0<tt>latex --&gt; dvipdfm<\/tt> oppure semplicemente <tt>pdflatex<\/tt>. Inoltre, le vocali accentate vanno inserite nei sorgenti con gli appositi comandi LaTeX &#8220;<tt>\\`a<\/tt>&#8220;, &#8220;<tt>\\`e<\/tt>&#8220;, &#8220;<tt>\\'e<\/tt>&#8220;, &#8220;<tt>\\`{\\i}<\/tt>&#8220;, &#8220;<tt>\\`o<\/tt>&#8220;, &#8220;<tt>\\`u<\/tt>&#8221; e non con i tasti delle vocali accentate stesse. \u00c8 possibile usare le lettere accentate da tastiera solo se i file LaTeX sono salvati nel formato UTF8 e viene incluso il package &#8220;inputenc&#8221; con l&#8217;opzione utf8 (con \\usepackage[utf8]{inputenc}). Si noti per\u00f2 che mentre i comandi composti <tt>\\`a<\/tt> <tt>\\`e<\/tt> <tt>\\'e<\/tt> <tt>\\`i<\/tt> <tt>\\`o<\/tt> <tt>\\`u<\/tt> funzionano indipendentemente dalla codifica usata, l&#8217;uso degli accenti da tastiera includendo il package &#8220;inputenc&#8221; con l&#8217;opzione UTF8 \u00e8 strettamente legato alla codifica usata e quindi non segue le buone regole di portabilit\u00e0 dei sorgenti. Infine, per la bibliografia si consiglia di seguire questi\u00a0<a href=\"https:\/\/informatica.uniurb.it\/magistrale\/wp-content\/uploads\/2023\/12\/tesi_esempi_bibliografia.pdf\">esempi di riferimenti bibliografici<\/a>.<\/p>\n<p>La tesi in pdf deve fare solo uso di font type 1. Tale verifica pu\u00f2 essere fatta in Acrobat, mediante File-&gt;Propriet\u00e0-&gt;Fonts. L\u2019header del file tesi.tex (negli esempi) impone gi\u00e0 l\u2019uso dei soli font type 1, ma qualora tali font non siano tutti installati nel proprio computer ne verranno usati anche altri (p.e. type 3). Qualora nella tesi siano usati font diversi dal type 1, va installato il package cm-super e va ricompilata la tesi. Sotto Linux, il package pu\u00f2 essere installato come qualunque altro pacchetto. Sotto Windows, usando miktex, pu\u00f2 essere installato con il package manager (Tutti i Programmi -&gt; Miktex -&gt; maintinance (Admin) -&gt; Package Manager): basta cercare cm-super e cliccando con il tasto destro richiedere install (il pacchetto \u00e8 installato solo quando il campo \u201cInstalled On\u201d riporta una data).<\/p>\n<h3><strong>Discussione della tesi, proclamazione e voto finale<\/strong><\/h3>\n<p>L\u2019aula utilizzata per la discussione delle tesi \u00e8 indicata nel calendario delle sessioni di laurea e viene normalmente attrezzata con uno schermo, un videoproiettore e un computer. Esigenze particolari devono essere comunicate a <a href=\"mailto:cdl.informatica@uniurb.it\">cdl.informatica@uniurb.it<\/a> almeno una settimana prima dell&#8217;esame di laurea. L\u2019esposizione della tesi, della durata di circa 20 minuti, \u00e8 pubblica e avviene di fronte a una Commissione di laurea appositamente nominata. All&#8217;esposizione segue una discussione sulla base delle domande poste dalla Commissione.<\/p>\n<p>La Commissione di laurea proclama pubblicamente la votazione finale, con contestuale consegna del diploma di laurea. Il voto finale di laurea \u00e8 espresso in centodecimi, con eventuale lode se presente parere unanime nella Commissione; il voto minimo per superare la prova \u00e8 66\/110. Il voto finale di laurea, con eventuale arrotondamento, \u00e8 determinato sommando:<\/p>\n<ul>\n<li>la media ponderata dei voti degli esami sostenuti nel percorso formativo espressa in centodecimi, cio\u00e8 moltiplicata per 110 e divisa per 30, dove ciascun voto \u00e8 pesato per il numero di crediti del corrispondente insegnamento e 30\/30 e lode vale 30;<\/li>\n<li>la valutazione del lavoro di tesi da parte della Commissione, per un incremento massimo di <b>8\/110<\/b>, stabilito in base a originalit\u00e0, innovazione e correttezza del lavoro svolto, padronanza della materia e spirito critico espressi durante la discussione, autonomia dimostrata durante lo svolgimento delle attivit\u00e0 connesse alla tesi, relazione di presentazione di Relatore\/Relatrice e carriera di studio;<\/li>\n<li>1\/110 in caso di conseguimento di lodi in esami di insegnamenti il cui peso complessivo \u00e8 almeno pari a 24 crediti;<\/li>\n<li>1\/110 in caso di laurea in corso;<\/li>\n<li>1\/110 in caso di conseguimento di un numero di crediti in esperienze all\u2019estero compreso tra 3 e 8;<\/li>\n<li>2\/110 in caso di conseguimento di un numero di crediti in esperienze all\u2019estero almeno pari a 9;<\/li>\n<li>1\/110, del quale verr\u00e0 fatta menzione nel supplemento al diploma, previa apposita istanza in caso di appartenenza a uno dei seguenti organi per almeno un anno e partecipazione ad almeno il 75% delle riunioni (salvo assenze motivate da malattia o da impegni didattici, limitatamente alla frequenza di laboratori o lezioni con frequenza obbligatoria e alla partecipazione agli esami di profitto):\n<ul>\n<li>Senato Accademico;<\/li>\n<li>Consiglio di Amministrazione;<\/li>\n<li>Nucleo di Valutazione;<\/li>\n<li>Commissione Paritetica Docenti-Studenti;<\/li>\n<li>Consiglio di Dipartimento;<\/li>\n<li>Consiglio di Scuola;<\/li>\n<li>Consiglio di Amministrazione dell\u2019Erdis.<\/li>\n<\/ul>\n<\/li>\n<\/ul>\n<p>La <b>menzione speciale<\/b>, che viene inserita nel supplemento al diploma, \u00e8 invece attribuita nel caso di una carriera particolarmente brillante tenendo conto della media dei voti degli esami, del numero delle lodi, del conseguimento della laurea in corso e di ogni altro eventuale elemento caratterizzante utile a tal fine. In particolare:<\/p>\n<ul>\n<li>la media ponderata dei voti degli esami deve essere almeno pari a 29.5\/30;<\/li>\n<li>il numero di lodi deve corrispondere ad almeno 1\/3 del totale delle votazioni conseguite.<\/li>\n<\/ul>\n<p>Nell&#8217;ipotesi in cui il Relatore\/la Relatrice ritenga una tesi meritevole del conferimento della <b>dignit\u00e0 di stampa<\/b>, deve formulare per iscritto la proposta alla Commissione, mettendone a conoscenza il Direttore\/la Direttrice del Dipartimento di riferimento, almeno venti giorni prima della data prevista per l&#8217;esame di laurea. Il Direttore\/la Direttrice del Dipartimento, sentito il\/la Presidente della Scuola di afferenza, nomina una Commissione di tre figure esperte scelte tra docenti dell&#8217;Ateneo e, in caso di specifiche tematiche, eventualmente anche di altri atenei, che, almeno tre giorni prima della data fissata per l&#8217;esame di laurea, devono comunicare per iscritto il loro giudizio sull&#8217;elaborato, espresso a maggioranza assoluta, in base a criteri di originalit\u00e0 e di impatto scientifico, culturale, sociale ed economico del contenuto dell&#8217;elaborato. Del giudizio espresso dalla Commissione di figure esperte viene data comunicazione alla Commissione di laurea la quale, in caso di giudizio favorevole, pu\u00f2 deliberare all&#8217;unanimit\u00e0 il conferimento della dignit\u00e0 di stampa, la cui attribuzione viene inserita nel supplemento al diploma.[\/vc_column_text][\/vc_column][\/vc_row]\n<\/div>","protected":false},"excerpt":{"rendered":"<p>[vc_row][vc_column css=&#8221;.vc_custom_1759911763387{margin-bottom: 35px !important;}&#8221;][vc_column_text] Introduzione La prova finale del Corso di Laurea Magistrale vale 18 CFU e riguarda la predisposizione di un elaborato scritto, redatto eventualmente in lingua inglese, su un argomento di area informatica o affine concordato insieme a chi \u00e8 titolare di un insegnamento nei corsi di laurea della Scuola di Scienze, Tecnologia&hellip;<\/p>\n","protected":false},"author":5,"featured_media":0,"parent":12,"menu_order":3,"comment_status":"closed","ping_status":"closed","template":"","meta":{"_acf_changed":false,"footnotes":""},"class_list":["post-659","page","type-page","status-publish","hentry","entry","no-media"],"acf":[],"_links":{"self":[{"href":"https:\/\/informatica.uniurb.it\/magistrale\/wp-json\/wp\/v2\/pages\/659","targetHints":{"allow":["GET"]}}],"collection":[{"href":"https:\/\/informatica.uniurb.it\/magistrale\/wp-json\/wp\/v2\/pages"}],"about":[{"href":"https:\/\/informatica.uniurb.it\/magistrale\/wp-json\/wp\/v2\/types\/page"}],"author":[{"embeddable":true,"href":"https:\/\/informatica.uniurb.it\/magistrale\/wp-json\/wp\/v2\/users\/5"}],"replies":[{"embeddable":true,"href":"https:\/\/informatica.uniurb.it\/magistrale\/wp-json\/wp\/v2\/comments?post=659"}],"version-history":[{"count":62,"href":"https:\/\/informatica.uniurb.it\/magistrale\/wp-json\/wp\/v2\/pages\/659\/revisions"}],"predecessor-version":[{"id":1143,"href":"https:\/\/informatica.uniurb.it\/magistrale\/wp-json\/wp\/v2\/pages\/659\/revisions\/1143"}],"up":[{"embeddable":true,"href":"https:\/\/informatica.uniurb.it\/magistrale\/wp-json\/wp\/v2\/pages\/12"}],"wp:attachment":[{"href":"https:\/\/informatica.uniurb.it\/magistrale\/wp-json\/wp\/v2\/media?parent=659"}],"curies":[{"name":"wp","href":"https:\/\/api.w.org\/{rel}","templated":true}]}}