{"id":1058,"date":"2023-12-05T10:51:38","date_gmt":"2023-12-05T09:51:38","guid":{"rendered":"https:\/\/informatica.uniurb.it\/magistrale\/?page_id=1058"},"modified":"2025-10-08T12:25:37","modified_gmt":"2025-10-08T10:25:37","slug":"curriculum-e-insegnamenti-a-scelta","status":"publish","type":"page","link":"https:\/\/informatica.uniurb.it\/magistrale\/didattica\/curriculum-e-insegnamenti-a-scelta\/","title":{"rendered":"Curriculum e insegnamenti a scelta"},"content":{"rendered":"<div class=\"wpb-content-wrapper\">[vc_row][vc_column css=&#8221;.vc_custom_1759911663754{margin-bottom: 35px !important;}&#8221;][vc_column_text]\n<h3><b>Introduzione<\/b><\/h3>\n<p>Il curriculum viene scelto in fase di iscrizione. La selezione degli insegnamenti a scelta deve essere effettuata all&#8217;inizio di ogni anno accademico <strong>tra il 1\u00b0 ottobre e il 31 marzo<\/strong>\u00a0mediante la <a href=\"https:\/\/informatica.uniurb.it\/triennale\/wp-content\/uploads\/GuidaPianidiStudioOnLineUniurb_2016.pdf\" target=\"_blank\" rel=\"noopener noreferrer\">compilazione del piano degli studi online<\/a>. Qualunque siano il curriculum e gli insegnamenti selezionati, il titolo che si consegue \u00e8 la Laurea Magistrale in Informatica e Innovazione Digitale.<\/p>\n<h3><b>Scelta del curriculum<\/b><\/h3>\n<p>Il Corso di Laurea Magistrale offre 2 curricula interdisciplinari, ognuno da <b>12 CFU<\/b> articolati in 2 insegnamenti rispettivamente al primo e al secondo anno, che rispondono a esigenze specifiche del mondo del lavoro:<\/p>\n<ul>\n<li><b>Curriculum Intelligenza Artificiale<\/b>: Questo curriculum \u00e8 particolarmente consigliato a chi intende conseguire una specializzazione che offra una preparazione ad ampio spettro nel campo dell&#8217;intelligenza artificiale, del machine learning e del deep learning e relative applicazioni nei campi biomedico, economico e giuridico.<\/li>\n<li><b>Curriculum Analisi Sociologica delle Tecnologie Digitali:<\/b> Questo curriculum \u00e8 stato istituito in collaborazione con la Scuola di Scienze della Comunicazione al fine di offrire le competenze interdisciplinari necessarie a comprendere e valorizzare le implicazioni tra ICT, mezzi di comunicazione e reti sociali con riferimento ai principi etici alla base della comunicazione e dell\u2019uso dei big data.<\/li>\n<\/ul>\n<h3><b>Insegnamenti a scelta<\/b><\/h3>\n<p>Oltre alla scelta del curriculum, \u00e8 necessario selezionare insegnamenti a scelta per <b>12 CFU<\/b>; la scelta deve essere confermata (o modificata) all&#8217;inizio di ogni anno accademico. La scelta \u00e8 completamente libera nell&#8217;ambito dell&#8217;offerta formativa dell&#8217;Ateneo, ad esclusione di insegnamenti di informatica, matematica e fisica attivi presso altri corsi di laurea. Nel caso di insegnamenti facenti capo ad altre strutture didattiche dell&#8217;Ateneo, chi li sceglie deve reperire le informazioni su modalit\u00e0 di ammissione, modalit\u00e0 didattiche, modalit\u00e0 di accertamento, orario lezioni e calendario esami presso le strutture di riferimento.<\/p>\n<p>Si consiglia di scegliere insegnamenti del curriculum diverso da quello selezionato. Un&#8217;altra possibilit\u00e0 \u00e8 quella di considerare la lista di insegnamenti pertinenti suggeriti di seguito:<\/p>\n<ul>\n<li>In combinazione con il Curriculum Analisi Sociologica delle Tecnologie Digitali:\n<ul>\n<li>Corso di Laurea Magistrale in Comunicazione e Pubblicit\u00e0 per le Organizzazioni (LM-59):\n<ul>\n<li>COSTRUIRE E COMUNICARE IL DATO.<\/li>\n<li>GLOBAL AUDIOVISUAL MEDIA INDUSTRIES.<\/li>\n<li>Tutte le attivit\u00e0 di laboratorio specifiche (verificare preventivamente gli obblighi di frequenza).<\/li>\n<\/ul>\n<\/li>\n<li>Corso di Laurea Magistrale in Lingue Moderne e Interculturalit\u00e0 (LM-37):\n<ul>\n<li>WEB CONTENT MANAGEMENT.<\/li>\n<\/ul>\n<\/li>\n<\/ul>\n<\/li>\n<li>Ulteriori insegnamenti consigliati:\n<ul>\n<li>Corso di Laurea Magistrale in Filosofia dell&#8217;Informazione (LM-78):\n<ul>\n<li>ETICA DELLA TECNOLOGIA E DELL&#8217;AMBIENTE.<\/li>\n<li>LOGICA E COMPUTAZIONE.<\/li>\n<\/ul>\n<\/li>\n<li>Corso di Laurea Magistrale in Geologia Ambientale e Gestione del Territorio (LM-74):\n<ul>\n<li>GEOMORFOLOGIA APPLICATA E APPLICAZIONI DI GIS.<\/li>\n<li>RILEVAMENTO GEOLOGICO DIGITALE.<\/li>\n<\/ul>\n<\/li>\n<li>Corso di Laurea Magistrale in Biotecnologie Mediche per la Diagnostica e la Terapia (LM-9):\n<ul>\n<li>BIOINFORMATICA.<\/li>\n<\/ul>\n<\/li>\n<li>Corso di Laurea Magistrale in Economia, Management e Finanza (LM-77):\n<ul>\n<li>IMPRENDITORIALIT\u00c0 E START UP.<\/li>\n<li>SISTEMI DINAMICI E GIOCHI EVOLUTIVI.<\/li>\n<\/ul>\n<\/li>\n<li>Corso di Laurea Magistrale in Marketing e Comunicazione per le Aziende (LM-77):\n<ul>\n<li>Tutti gli insegnamenti ad eccezione di quelli di matematica.<\/li>\n<\/ul>\n<\/li>\n<\/ul>\n<\/li>\n<\/ul>\n<p>In caso di carriera pregressa presso altri atenei, \u00e8 possibile ottenere il riconoscimento totale o parziale dei crediti previsti per gli insegnamenti a scelta previa presentazione dell&#8217;apposita <a href=\"http:\/\/www.uniurb.it\/it\/cdocs\/CWEB\/3124-CWEB-15072015145622-cweb.pdf\">domanda<\/a> e della relativa documentazione presso la <a href=\"https:\/\/www.uniurb.it\/studiaconnoi\/studenti\/iscrizione-e-trasferimenti\/segreterie-studenti\" target=\"_blank\" rel=\"noopener\">Segreteria Studenti<\/a> all&#8217;atto dell&#8217;iscrizione.[\/vc_column_text][\/vc_column][\/vc_row]\n<\/div>","protected":false},"excerpt":{"rendered":"<p>[vc_row][vc_column css=&#8221;.vc_custom_1759911663754{margin-bottom: 35px !important;}&#8221;][vc_column_text] Introduzione Il curriculum viene scelto in fase di iscrizione. La selezione degli insegnamenti a scelta deve essere effettuata all&#8217;inizio di ogni anno accademico tra il 1\u00b0 ottobre e il 31 marzo\u00a0mediante la compilazione del piano degli studi online. Qualunque siano il curriculum e gli insegnamenti selezionati, il titolo che si consegue&hellip;<\/p>\n","protected":false},"author":5,"featured_media":0,"parent":12,"menu_order":0,"comment_status":"closed","ping_status":"closed","template":"","meta":{"_acf_changed":false,"footnotes":""},"class_list":["post-1058","page","type-page","status-publish","hentry","entry","no-media"],"acf":[],"_links":{"self":[{"href":"https:\/\/informatica.uniurb.it\/magistrale\/wp-json\/wp\/v2\/pages\/1058","targetHints":{"allow":["GET"]}}],"collection":[{"href":"https:\/\/informatica.uniurb.it\/magistrale\/wp-json\/wp\/v2\/pages"}],"about":[{"href":"https:\/\/informatica.uniurb.it\/magistrale\/wp-json\/wp\/v2\/types\/page"}],"author":[{"embeddable":true,"href":"https:\/\/informatica.uniurb.it\/magistrale\/wp-json\/wp\/v2\/users\/5"}],"replies":[{"embeddable":true,"href":"https:\/\/informatica.uniurb.it\/magistrale\/wp-json\/wp\/v2\/comments?post=1058"}],"version-history":[{"count":39,"href":"https:\/\/informatica.uniurb.it\/magistrale\/wp-json\/wp\/v2\/pages\/1058\/revisions"}],"predecessor-version":[{"id":1919,"href":"https:\/\/informatica.uniurb.it\/magistrale\/wp-json\/wp\/v2\/pages\/1058\/revisions\/1919"}],"up":[{"embeddable":true,"href":"https:\/\/informatica.uniurb.it\/magistrale\/wp-json\/wp\/v2\/pages\/12"}],"wp:attachment":[{"href":"https:\/\/informatica.uniurb.it\/magistrale\/wp-json\/wp\/v2\/media?parent=1058"}],"curies":[{"name":"wp","href":"https:\/\/api.w.org\/{rel}","templated":true}]}}