{"id":1001,"date":"2023-11-28T12:21:07","date_gmt":"2023-11-28T11:21:07","guid":{"rendered":"https:\/\/informatica.uniurb.it\/magistrale\/?page_id=1001"},"modified":"2025-10-08T10:17:47","modified_gmt":"2025-10-08T08:17:47","slug":"requisiti-di-accesso","status":"publish","type":"page","link":"https:\/\/informatica.uniurb.it\/magistrale\/orientamento\/requisiti-di-accesso\/","title":{"rendered":"Requisiti di accesso"},"content":{"rendered":"<div class=\"wpb-content-wrapper\">[vc_row][vc_column][vc_column_text]\n<h3><strong>Requisiti curriculari<\/strong><\/h3>\n<p>L&#8217;ammissione al Corso di Laurea Magistrale richiede il soddisfacimento di <strong>almeno uno<\/strong> dei seguenti requisiti curriculari:<\/p>\n<ul>\n<li>Laurea nella classe <strong>L-31<\/strong> in Scienze e Tecnologie Informatiche oppure nella classe <strong>L-8<\/strong> in Ingegneria dell&#8217;Informazione (D.M. 270\/04) ovvero in una delle classi di ordinamenti previgenti (classe 26 oppure classe 9 ex D.M. 509\/99).<\/li>\n<li>Almeno <strong>60 CFU<\/strong> gi\u00e0 acquisiti nelle discipline informatiche (INF\/01, ING-INF\/05), fisiche (FIS), matematiche (MAT) o statistiche (SECS-S), di cui almeno <strong>18 CFU<\/strong> nei settori scientifico-disciplinari caratterizzanti della classe LM-18 (INF\/01, ING-INF\/05).<\/li>\n<\/ul>\n<p>Le carenze curriculari devono essere colmate prima dell&#8217;iscrizione al Corso di Laurea Magistrale con l&#8217;integrazione dei crediti mancanti, anche attraverso il superamento dell&#8217;esame di singoli insegnamenti se si \u00e8 gi\u00e0 concluso il proprio percorso triennale o con insegnamenti sovrannumerari se si \u00e8 ancora iscritti al percorso triennale.<\/p>\n<p>In caso di titolo di studio conseguito all&#8217;estero verr\u00e0 valutata, sulla base della documentazione prodotta, la corrispondenza tra le conoscenze e competenze associate al titolo conseguito e le caratteristiche dei requisiti curriculari sopra elencati. Chi \u00e8 in possesso di titolo di studio conseguito all\u2019estero deve presentare:<\/p>\n<ul>\n<li>Titolo di studio universitario o post secondario, <a href=\"https:\/\/www.esteri.it\/mae\/it\/servizi\/italiani-all-estero\/traduzione-e-legalizzazione-documenti.html\" target=\"_blank\" rel=\"noreferrer noopener\">legalizzato e tradotto<\/a>.<\/li>\n<li>Dichiarazione di Valore in loco, rilasciata dalla Rappresentanza diplomatica italiana nel Paese in cui gli studi sono stati effettuati. La Dichiarazione di Valore in loco pu\u00f2 essere sostituita da attestazione di enti ufficiali esteri o attestazione rilasciata da centri ENIC-NARIC (in Italia, si pu\u00f2 consultare il sito del <a href=\"http:\/\/www.cimea.it\/it\/servizi\/attestati-di-comparabilita-e-certificazione-dei-titoli\/attestati-di-comparabilita-e-di-verifica-dei-titoli-diplome.aspx\" target=\"_blank\" rel=\"noopener\">CIMEA<\/a>).<\/li>\n<li>Certificato rilasciato dalla competente autorit\u00e0 accademica attestante gli esami superati,\u00a0<a href=\"https:\/\/www.esteri.it\/mae\/it\/servizi\/italiani-all-estero\/traduzione-e-legalizzazione-documenti.html\" target=\"_blank\" rel=\"noreferrer noopener\">legalizzato e tradotto<\/a>.<\/li>\n<li>Programmi di studio ufficiali di tutte le attivit\u00e0 formative (se richiesti dall&#8217;apposita commissione del Corso di Laurea Magistrale),\u00a0tradotti.<\/li>\n<\/ul>\n<h3><strong>Verifica della personale preparazione<\/strong><\/h3>\n<p>Il possesso di uno dei suddetti requisiti curriculari \u00e8 preliminare alla <strong>Verifica della Personale Preparazione (VPP)<\/strong> ai fini dell&#8217;accesso, svolta tramite colloquio individuale davanti all&#8217;apposita commissione del Corso di Laurea Magistrale. Scopo della verifica \u00e8 la valutazione di conoscenze e competenze nei seguenti ambiti: tecniche, paradigmi e strumenti per la programmazione; sistemi e architetture software; reti di calcolatori; fondamenti di matematica e statistica. La verifica \u00e8 automaticamente superata in caso di laurea in una delle classi sopra citate tra i requisiti curriculari e voto di laurea almeno pari a <strong>95\/110<\/strong>.<\/p>\n<p>Il colloquio di verifica deve essere superato entro il termine ultimo per l\u2019iscrizione al Corso di Laurea Magistrale. Il colloquio prevede anche la verifica delle competenze linguistiche di livello almeno <strong>B1 per la lingua inglese<\/strong>, che si ritiene automaticamente superata in caso di possesso di idonea certificazione linguistica ovvero in caso di superamento di un esame di lingua inglese di livello almeno B1 nella precedente carriera universitaria.[\/vc_column_text][\/vc_column][\/vc_row]\n<\/div>","protected":false},"excerpt":{"rendered":"<p>[vc_row][vc_column][vc_column_text] Requisiti curriculari L&#8217;ammissione al Corso di Laurea Magistrale richiede il soddisfacimento di almeno uno dei seguenti requisiti curriculari: Laurea nella classe L-31 in Scienze e Tecnologie Informatiche oppure nella classe L-8 in Ingegneria dell&#8217;Informazione (D.M. 270\/04) ovvero in una delle classi di ordinamenti previgenti (classe 26 oppure classe 9 ex D.M. 509\/99). Almeno 60&hellip;<\/p>\n","protected":false},"author":5,"featured_media":0,"parent":37,"menu_order":0,"comment_status":"closed","ping_status":"closed","template":"","meta":{"_acf_changed":false,"footnotes":""},"class_list":["post-1001","page","type-page","status-publish","hentry","entry","no-media"],"acf":[],"_links":{"self":[{"href":"https:\/\/informatica.uniurb.it\/magistrale\/wp-json\/wp\/v2\/pages\/1001","targetHints":{"allow":["GET"]}}],"collection":[{"href":"https:\/\/informatica.uniurb.it\/magistrale\/wp-json\/wp\/v2\/pages"}],"about":[{"href":"https:\/\/informatica.uniurb.it\/magistrale\/wp-json\/wp\/v2\/types\/page"}],"author":[{"embeddable":true,"href":"https:\/\/informatica.uniurb.it\/magistrale\/wp-json\/wp\/v2\/users\/5"}],"replies":[{"embeddable":true,"href":"https:\/\/informatica.uniurb.it\/magistrale\/wp-json\/wp\/v2\/comments?post=1001"}],"version-history":[{"count":30,"href":"https:\/\/informatica.uniurb.it\/magistrale\/wp-json\/wp\/v2\/pages\/1001\/revisions"}],"predecessor-version":[{"id":1902,"href":"https:\/\/informatica.uniurb.it\/magistrale\/wp-json\/wp\/v2\/pages\/1001\/revisions\/1902"}],"up":[{"embeddable":true,"href":"https:\/\/informatica.uniurb.it\/magistrale\/wp-json\/wp\/v2\/pages\/37"}],"wp:attachment":[{"href":"https:\/\/informatica.uniurb.it\/magistrale\/wp-json\/wp\/v2\/media?parent=1001"}],"curies":[{"name":"wp","href":"https:\/\/api.w.org\/{rel}","templated":true}]}}