{"id":10,"date":"2020-01-24T15:22:31","date_gmt":"2020-01-24T14:22:31","guid":{"rendered":"https:\/\/informatica.uniurb.it\/magistrale\/?page_id=10"},"modified":"2025-12-02T11:06:39","modified_gmt":"2025-12-02T10:06:39","slug":"assicurazione-della-qualita","status":"publish","type":"page","link":"https:\/\/informatica.uniurb.it\/magistrale\/qualita\/assicurazione-della-qualita\/","title":{"rendered":"Assicurazione della qualit\u00e0"},"content":{"rendered":"<div class=\"wpb-content-wrapper\">[vc_row][vc_column css=&#8221;.vc_custom_1759911912067{margin-bottom: 35px !important;}&#8221;][vc_column_text css=&#8221;&#8221; text_align=&#8221;&#8221;]La carta d&#8217;identit\u00e0 del Corso di Laurea Magistrale \u00e8 la <a href=\"https:\/\/www.uniurb.it\/it\/off\/bandi\/suacds_1757269.pdf\" target=\"_blank\" rel=\"noopener\">SUA-CdS<\/a>, mentre il suo stato di salute \u00e8 certificato dal <a href=\"https:\/\/informatica.uniurb.it\/magistrale\/wp-content\/uploads\/2025\/12\/Scheda-Riesame-Ciclico-LM-18-2025-DEF.docx.pdf\" target=\"_blank\" rel=\"noreferrer noopener\">Rapporto di Riesame Ciclico<\/a>, che si avvale dell&#8217;analisi della <a href=\"https:\/\/informatica.uniurb.it\/magistrale\/wp-content\/uploads\/2024\/07\/3.2-SMA-2023-LM-18.pdf\">Scheda di Monitoraggio Annuale<\/a>. La <a href=\"https:\/\/informatica.uniurb.it\/magistrale\/wp-content\/uploads\/2023\/02\/matrice-di-Tuning-LM18.pdf\" target=\"_blank\" rel=\"noreferrer noopener\">Matrice di Tuning<\/a> visualizza la connessione tra gli obiettivi formativi del Corso di Laurea e quelli delle singole attivit\u00e0 formative.<\/p>\n<p>La politica di gestione del Corso di Laurea Magistrale \u00e8 determinata dal <a href=\"https:\/\/www.uniurb.it\/ateneo\/persone-e-strutture\/scuole\/scuola-di-scienze-tecnologie-e-filosofia-dell-informazione\" target=\"_blank\" rel=\"noopener\">Consiglio della Scuola di Scienze, Tecnologie e Filosofia dell&#8217;Informazione<\/a>, a cui il Corso afferisce, secondo quanto stabilito nell\u2019<a href=\"https:\/\/informatica.uniurb.it\/magistrale\/wp-content\/uploads\/2025\/09\/ordinamento_didattico_LM-18.pdf\">Ordinamento Didattico<\/a>\u00a0e il\u00a0<a href=\"https:\/\/informatica.uniurb.it\/magistrale\/wp-content\/uploads\/2025\/09\/4.5.a-Regolamento-didattico-LM-18-25-26.pdf\">Regolamento Didattico<\/a> del Corso.<\/p>\n<p>Il sistema di gestione e assicurazione della qualit\u00e0 del Corso di Laurea, normato per legge e descritto in dettaglio nel <a href=\"https:\/\/informatica.uniurb.it\/magistrale\/wp-content\/uploads\/2024\/07\/3.5-Documento_gestione_aq_LM-18.pdf\">Documento di Gestione<\/a>, viene garantito dal <a href=\"https:\/\/informatica.uniurb.it\/magistrale\/informazioni\/responsabili-segreterie-e-sedi\/\">Gruppo di Riesame del Corso di Laurea<\/a> e monitorato dalla <a href=\"https:\/\/www.uniurb.it\/ateneo\/governance\/commissioni-paritetiche\/dipartimento-di-scienze-pure-e-applicate-dispea\" target=\"_blank\" rel=\"noopener\">Commissione Paritetica Docenti-Studenti del Dipartimento di Scienze Pure e Applicate<\/a>, che produce una <a href=\"https:\/\/www.uniurb.it\/ateneo\/governance\/commissioni-paritetiche\/dipartimento-di-scienze-pure-e-applicate-dispea\" target=\"_blank\" rel=\"noopener\">Relazione Annuale<\/a>. Entrambi i gruppi di lavoro si avvalgono del contributo di docenti, studenti e personale tecnico-amministrativo.<\/p>\n<p>Vengono inoltre condotte periodicamente <a href=\"https:\/\/drive.google.com\/drive\/folders\/1ZfdL6xWX5a3ly192QJtxcv1Kfrtql9Mp?usp=sharing\" target=\"_blank\" rel=\"noopener\">consultazioni con le parti interessate<\/a>, al fine di verificare l&#8217;adeguatezza degli obiettivi formativi del Corso di Laurea Magistrale, attuare un costante e dinamico rapporto di collaborazione con le varie realt\u00e0 esterne e monitorare il Corso in funzione del territorio locale e nazionale.<\/p>\n<p>Alcuni documenti fondamentali per la valutazione del sistema di gestione riguardano il riscontro di studenti e laureati:<\/p>\n<ul>\n<li><a href=\"https:\/\/sisvaldidat.it\/AT-UNIURB\/AA-2024\/T-0\/S-10027\/Z-1\/CDL-6054\/TAVOLA\" target=\"_blank\" rel=\"noopener\">Questionari opinioni studenti<\/a>.<\/li>\n<li>Indagini Almalaurea sulla condizione occupazionale e sul profilo dei laureati (non ancora disponibili).<\/li>\n<\/ul>\n[\/vc_column_text][\/vc_column][\/vc_row]\n<\/div>","protected":false},"excerpt":{"rendered":"<p>[vc_row][vc_column css=&#8221;.vc_custom_1759911912067{margin-bottom: 35px !important;}&#8221;][vc_column_text css=&#8221;&#8221; text_align=&#8221;&#8221;]La carta d&#8217;identit\u00e0 del Corso di Laurea Magistrale \u00e8 la SUA-CdS, mentre il suo stato di salute \u00e8 certificato dal Rapporto di Riesame Ciclico, che si avvale dell&#8217;analisi della Scheda di Monitoraggio Annuale. La Matrice di Tuning visualizza la connessione tra gli obiettivi formativi del Corso di Laurea e quelli&hellip;<\/p>\n","protected":false},"author":5,"featured_media":0,"parent":1017,"menu_order":15,"comment_status":"closed","ping_status":"closed","template":"","meta":{"_acf_changed":false,"footnotes":""},"class_list":["post-10","page","type-page","status-publish","hentry","entry","no-media"],"acf":[],"_links":{"self":[{"href":"https:\/\/informatica.uniurb.it\/magistrale\/wp-json\/wp\/v2\/pages\/10","targetHints":{"allow":["GET"]}}],"collection":[{"href":"https:\/\/informatica.uniurb.it\/magistrale\/wp-json\/wp\/v2\/pages"}],"about":[{"href":"https:\/\/informatica.uniurb.it\/magistrale\/wp-json\/wp\/v2\/types\/page"}],"author":[{"embeddable":true,"href":"https:\/\/informatica.uniurb.it\/magistrale\/wp-json\/wp\/v2\/users\/5"}],"replies":[{"embeddable":true,"href":"https:\/\/informatica.uniurb.it\/magistrale\/wp-json\/wp\/v2\/comments?post=10"}],"version-history":[{"count":59,"href":"https:\/\/informatica.uniurb.it\/magistrale\/wp-json\/wp\/v2\/pages\/10\/revisions"}],"predecessor-version":[{"id":1960,"href":"https:\/\/informatica.uniurb.it\/magistrale\/wp-json\/wp\/v2\/pages\/10\/revisions\/1960"}],"up":[{"embeddable":true,"href":"https:\/\/informatica.uniurb.it\/magistrale\/wp-json\/wp\/v2\/pages\/1017"}],"wp:attachment":[{"href":"https:\/\/informatica.uniurb.it\/magistrale\/wp-json\/wp\/v2\/media?parent=10"}],"curies":[{"name":"wp","href":"https:\/\/api.w.org\/{rel}","templated":true}]}}